{"id":30125,"date":"2026-02-28T13:51:59","date_gmt":"2026-02-28T13:51:59","guid":{"rendered":"https:\/\/mjimport.com.br\/?post_type=product&#038;p=30125"},"modified":"2026-03-26T15:37:52","modified_gmt":"2026-03-26T15:37:52","slug":"caixa-de-som-peining-10-w-c-rgb","status":"publish","type":"product","link":"https:\/\/mjimport.com.br\/?product=caixa-de-som-peining-10-w-c-rgb","title":{"rendered":"CAIXA DE SOM PEI-232BTS PEINING 10 W C RGB"},"content":{"rendered":"","protected":false},"excerpt":{"rendered":"<p>CAIXA DE SOM PEINING 10 W C RGB<\/p>\n<p>MODELO: PEI-232BTS<\/p>\n<p>COM LED RGB \/ 10W \/ BLUETOOTH 5.3 \/ DIST\u00c2NCIA AT\u00c9 15 METROS LIVRE \/\u00a0 DURA\u00c7\u00c3O DE AT\u00c9 6 HORAS ( EM VOLUME MEDIO) \/ USB \/ TF CARD (AT\u00c9 64 GB \/ TWS \/ CABO AUX \/ CARREGAMENTO VIA CABO TP C \/ RESISTENTE A AGUA \/ DIMENS\u00c3O DO PRODUTO: 57 MM \/ MATERIAL ABS+SILICONE \/ BATERIA EM LITIO<\/p>\n","protected":false},"featured_media":30126,"template":"","meta":[],"product_brand":[],"product_cat":[79],"product_tag":[],"class_list":{"0":"post-30125","1":"product","2":"type-product","3":"status-publish","4":"has-post-thumbnail","6":"product_cat-caixa-de-som","8":"first","9":"instock","10":"sale","11":"virtual","12":"purchasable","13":"product-type-simple"},"_links":{"self":[{"href":"https:\/\/mjimport.com.br\/index.php?rest_route=\/wp\/v2\/product\/30125","targetHints":{"allow":["GET"]}}],"collection":[{"href":"https:\/\/mjimport.com.br\/index.php?rest_route=\/wp\/v2\/product"}],"about":[{"href":"https:\/\/mjimport.com.br\/index.php?rest_route=\/wp\/v2\/types\/product"}],"version-history":[{"count":2,"href":"https:\/\/mjimport.com.br\/index.php?rest_route=\/wp\/v2\/product\/30125\/revisions"}],"predecessor-version":[{"id":31945,"href":"https:\/\/mjimport.com.br\/index.php?rest_route=\/wp\/v2\/product\/30125\/revisions\/31945"}],"wp:featuredmedia":[{"embeddable":true,"href":"https:\/\/mjimport.com.br\/index.php?rest_route=\/wp\/v2\/media\/30126"}],"wp:attachment":[{"href":"https:\/\/mjimport.com.br\/index.php?rest_route=%2Fwp%2Fv2%2Fmedia&parent=30125"}],"wp:term":[{"taxonomy":"product_brand","embeddable":true,"href":"https:\/\/mjimport.com.br\/index.php?rest_route=%2Fwp%2Fv2%2Fproduct_brand&post=30125"},{"taxonomy":"product_cat","embeddable":true,"href":"https:\/\/mjimport.com.br\/index.php?rest_route=%2Fwp%2Fv2%2Fproduct_cat&post=30125"},{"taxonomy":"product_tag","embeddable":true,"href":"https:\/\/mjimport.com.br\/index.php?rest_route=%2Fwp%2Fv2%2Fproduct_tag&post=30125"}],"curies":[{"name":"wp","href":"https:\/\/api.w.org\/{rel}","templated":true}]}}