{"id":30130,"date":"2026-02-28T15:58:20","date_gmt":"2026-02-28T15:58:20","guid":{"rendered":"https:\/\/mjimport.com.br\/?post_type=product&#038;p=30130"},"modified":"2026-03-26T15:38:16","modified_gmt":"2026-03-26T15:38:16","slug":"caixa-de-som-peining-5-w-mini","status":"publish","type":"product","link":"https:\/\/mjimport.com.br\/?product=caixa-de-som-peining-5-w-mini","title":{"rendered":"CAIXA DE SOM PEI-S117 PEINING 5 W MINI"},"content":{"rendered":"","protected":false},"excerpt":{"rendered":"<div class=\"woocommerce-product-details__short-description\">\n<p>CAIXA DE SOM PEINING 5 W MINI<\/p>\n<p>MODELO: PEI-S117<\/p>\n<p>COM ADAPTADOR IPHONE \/ 5W \/ BLUETOOTH 5.3 \/\u00a0 DURA\u00c7\u00c3O DE AT\u00c9 2 HORAS ( EM VOLUME MEDIO) \/ USB \/ TF CARD (AT\u00c9 64 GB \/ TWS \/ CARREGAMENTO VIA CABO TP C \/ RESISTENTE A AGUA \/ DIMENS\u00c3O DO PRODUTO: 129X50X89MM \/ RADIO \/ FUN\u00c7\u00c3O POWER BANK<\/p>\n<\/div>\n","protected":false},"featured_media":30132,"template":"","meta":[],"product_brand":[],"product_cat":[79],"product_tag":[],"class_list":{"0":"post-30130","1":"product","2":"type-product","3":"status-publish","4":"has-post-thumbnail","6":"product_cat-caixa-de-som","8":"first","9":"instock","10":"sale","11":"virtual","12":"purchasable","13":"product-type-simple"},"_links":{"self":[{"href":"https:\/\/mjimport.com.br\/index.php?rest_route=\/wp\/v2\/product\/30130","targetHints":{"allow":["GET"]}}],"collection":[{"href":"https:\/\/mjimport.com.br\/index.php?rest_route=\/wp\/v2\/product"}],"about":[{"href":"https:\/\/mjimport.com.br\/index.php?rest_route=\/wp\/v2\/types\/product"}],"version-history":[{"count":3,"href":"https:\/\/mjimport.com.br\/index.php?rest_route=\/wp\/v2\/product\/30130\/revisions"}],"predecessor-version":[{"id":31946,"href":"https:\/\/mjimport.com.br\/index.php?rest_route=\/wp\/v2\/product\/30130\/revisions\/31946"}],"wp:featuredmedia":[{"embeddable":true,"href":"https:\/\/mjimport.com.br\/index.php?rest_route=\/wp\/v2\/media\/30132"}],"wp:attachment":[{"href":"https:\/\/mjimport.com.br\/index.php?rest_route=%2Fwp%2Fv2%2Fmedia&parent=30130"}],"wp:term":[{"taxonomy":"product_brand","embeddable":true,"href":"https:\/\/mjimport.com.br\/index.php?rest_route=%2Fwp%2Fv2%2Fproduct_brand&post=30130"},{"taxonomy":"product_cat","embeddable":true,"href":"https:\/\/mjimport.com.br\/index.php?rest_route=%2Fwp%2Fv2%2Fproduct_cat&post=30130"},{"taxonomy":"product_tag","embeddable":true,"href":"https:\/\/mjimport.com.br\/index.php?rest_route=%2Fwp%2Fv2%2Fproduct_tag&post=30130"}],"curies":[{"name":"wp","href":"https:\/\/api.w.org\/{rel}","templated":true}]}}