{"id":30147,"date":"2026-02-28T16:29:52","date_gmt":"2026-02-28T16:29:52","guid":{"rendered":"https:\/\/mjimport.com.br\/?post_type=product&#038;p=30147"},"modified":"2026-03-26T15:39:36","modified_gmt":"2026-03-26T15:39:36","slug":"caixa-de-som-peining-50w-c-rgb-light","status":"publish","type":"product","link":"https:\/\/mjimport.com.br\/?product=caixa-de-som-peining-50w-c-rgb-light","title":{"rendered":"CAIXA DE SOM PEI-S103 PEINING 50W C RGB LIGHT"},"content":{"rendered":"","protected":false},"excerpt":{"rendered":"<p>CAIXA DE SOM PEINING 50W C RGB LIGHT<\/p>\n<p>MODELO: PEI-S103<\/p>\n<p>COM LED RGB LIGHT \/ 50W \/ BLUETOOTH 5.3 \/\u00a0 DURA\u00c7\u00c3O DE AT\u00c9 8 HORAS ( EM VOLUME 50% ) \/\u00a0 TF CARD (AT\u00c9 64 GB \/ CABO AUX \/\u00a0 TWS \/ CARREGAMENTO VIA CABO TP C \/ RESISTENTE A AGUA \/ DIMENS\u00c3O DO PRODUTO: 242X90X96 MM \/ 6000 mAh<\/p>\n","protected":false},"featured_media":30149,"template":"","meta":[],"product_brand":[],"product_cat":[79],"product_tag":[],"class_list":{"0":"post-30147","1":"product","2":"type-product","3":"status-publish","4":"has-post-thumbnail","6":"product_cat-caixa-de-som","8":"first","9":"instock","10":"sale","11":"virtual","12":"purchasable","13":"product-type-simple"},"_links":{"self":[{"href":"https:\/\/mjimport.com.br\/index.php?rest_route=\/wp\/v2\/product\/30147","targetHints":{"allow":["GET"]}}],"collection":[{"href":"https:\/\/mjimport.com.br\/index.php?rest_route=\/wp\/v2\/product"}],"about":[{"href":"https:\/\/mjimport.com.br\/index.php?rest_route=\/wp\/v2\/types\/product"}],"version-history":[{"count":2,"href":"https:\/\/mjimport.com.br\/index.php?rest_route=\/wp\/v2\/product\/30147\/revisions"}],"predecessor-version":[{"id":31949,"href":"https:\/\/mjimport.com.br\/index.php?rest_route=\/wp\/v2\/product\/30147\/revisions\/31949"}],"wp:featuredmedia":[{"embeddable":true,"href":"https:\/\/mjimport.com.br\/index.php?rest_route=\/wp\/v2\/media\/30149"}],"wp:attachment":[{"href":"https:\/\/mjimport.com.br\/index.php?rest_route=%2Fwp%2Fv2%2Fmedia&parent=30147"}],"wp:term":[{"taxonomy":"product_brand","embeddable":true,"href":"https:\/\/mjimport.com.br\/index.php?rest_route=%2Fwp%2Fv2%2Fproduct_brand&post=30147"},{"taxonomy":"product_cat","embeddable":true,"href":"https:\/\/mjimport.com.br\/index.php?rest_route=%2Fwp%2Fv2%2Fproduct_cat&post=30147"},{"taxonomy":"product_tag","embeddable":true,"href":"https:\/\/mjimport.com.br\/index.php?rest_route=%2Fwp%2Fv2%2Fproduct_tag&post=30147"}],"curies":[{"name":"wp","href":"https:\/\/api.w.org\/{rel}","templated":true}]}}