{"id":30155,"date":"2026-02-28T18:15:02","date_gmt":"2026-02-28T18:15:02","guid":{"rendered":"https:\/\/mjimport.com.br\/?post_type=product&#038;p=30155"},"modified":"2026-03-26T15:40:01","modified_gmt":"2026-03-26T15:40:01","slug":"caixa-de-som-peining-80w-c-rgb","status":"publish","type":"product","link":"https:\/\/mjimport.com.br\/?product=caixa-de-som-peining-80w-c-rgb","title":{"rendered":"CAIXA DE SOM PEI-S116 PEINING 80W C RGB"},"content":{"rendered":"","protected":false},"excerpt":{"rendered":"<p>CAIXA DE SOM PEINING 80W C RGB<\/p>\n<p>MODELO: PEI-S116<\/p>\n<p>COM LED RGB \/ 80W \/ BLUETOOTH 5.3 \/\u00a0 DURA\u00c7\u00c3O DE AT\u00c9 10 HORAS ( EM VOLUME 50% ) \/\u00a0 TF CARD (AT\u00c9 64 GB \/ CABO AUX \/\u00a0 TWS \/ CARREGAMENTO VIA CABO TP C \/ USB \/\u00a0 RESISTENTE A AGUA \/ DIMENS\u00c3O DO PRODUTO: 93 MM \/ DISTANCIA ATE 15 METROS\u00a0 LIVRES\u00a0 \/ 8000 mAh \/ MATERIAL\u00a0 ( ABS+BORRACHA)<\/p>\n","protected":false},"featured_media":30157,"template":"","meta":[],"product_brand":[],"product_cat":[79],"product_tag":[],"class_list":{"0":"post-30155","1":"product","2":"type-product","3":"status-publish","4":"has-post-thumbnail","6":"product_cat-caixa-de-som","8":"first","9":"instock","10":"sale","11":"virtual","12":"purchasable","13":"product-type-simple"},"_links":{"self":[{"href":"https:\/\/mjimport.com.br\/index.php?rest_route=\/wp\/v2\/product\/30155","targetHints":{"allow":["GET"]}}],"collection":[{"href":"https:\/\/mjimport.com.br\/index.php?rest_route=\/wp\/v2\/product"}],"about":[{"href":"https:\/\/mjimport.com.br\/index.php?rest_route=\/wp\/v2\/types\/product"}],"version-history":[{"count":2,"href":"https:\/\/mjimport.com.br\/index.php?rest_route=\/wp\/v2\/product\/30155\/revisions"}],"predecessor-version":[{"id":31950,"href":"https:\/\/mjimport.com.br\/index.php?rest_route=\/wp\/v2\/product\/30155\/revisions\/31950"}],"wp:featuredmedia":[{"embeddable":true,"href":"https:\/\/mjimport.com.br\/index.php?rest_route=\/wp\/v2\/media\/30157"}],"wp:attachment":[{"href":"https:\/\/mjimport.com.br\/index.php?rest_route=%2Fwp%2Fv2%2Fmedia&parent=30155"}],"wp:term":[{"taxonomy":"product_brand","embeddable":true,"href":"https:\/\/mjimport.com.br\/index.php?rest_route=%2Fwp%2Fv2%2Fproduct_brand&post=30155"},{"taxonomy":"product_cat","embeddable":true,"href":"https:\/\/mjimport.com.br\/index.php?rest_route=%2Fwp%2Fv2%2Fproduct_cat&post=30155"},{"taxonomy":"product_tag","embeddable":true,"href":"https:\/\/mjimport.com.br\/index.php?rest_route=%2Fwp%2Fv2%2Fproduct_tag&post=30155"}],"curies":[{"name":"wp","href":"https:\/\/api.w.org\/{rel}","templated":true}]}}