{"id":30160,"date":"2026-02-28T18:31:53","date_gmt":"2026-02-28T18:31:53","guid":{"rendered":"https:\/\/mjimport.com.br\/?post_type=product&#038;p=30160"},"modified":"2026-03-26T15:40:24","modified_gmt":"2026-03-26T15:40:24","slug":"caixa-de-som-peining-com-karaoke-50w-c-rgb","status":"publish","type":"product","link":"https:\/\/mjimport.com.br\/?product=caixa-de-som-peining-com-karaoke-50w-c-rgb","title":{"rendered":"CAIXA DE SOM PEI-240BT PEINING COM KARAOK\u00ca 50W C RGB"},"content":{"rendered":"","protected":false},"excerpt":{"rendered":"<p>CAIXA DE SOM PEINING COM KARAOK\u00ca 50W C RGB<\/p>\n<p>MODELO: PEI-240BT<\/p>\n<p>COM LED RGB \/ 50W \/ BLUETOOTH 5.3 \/\u00a0 DURA\u00c7\u00c3O DE AT\u00c9 6 HORAS ( EM VOLUME 50% ) \/\u00a0 TF CARD (AT\u00c9 64 GB \/ CABO AUX \/\u00a0 TWS \/ CARREGAMENTO VIA CABO TP C \/ USB \/\u00a0 RESISTENTE A AGUA \/ DIMENS\u00c3O DO PRODUTO: 250X103X181 MM \/ DISTANCIA ATE 18 METROS\u00a0 LIVRES\u00a0 \/ 6000 mAh \/ MATERIAL\u00a0 ( ABS+BORRACHA) \/ ACOMPANHA 2 MICROFONES SEM FIO<\/p>\n","protected":false},"featured_media":30162,"template":"","meta":[],"product_brand":[],"product_cat":[79],"product_tag":[],"class_list":{"0":"post-30160","1":"product","2":"type-product","3":"status-publish","4":"has-post-thumbnail","6":"product_cat-caixa-de-som","8":"first","9":"instock","10":"sale","11":"virtual","12":"purchasable","13":"product-type-simple"},"_links":{"self":[{"href":"https:\/\/mjimport.com.br\/index.php?rest_route=\/wp\/v2\/product\/30160","targetHints":{"allow":["GET"]}}],"collection":[{"href":"https:\/\/mjimport.com.br\/index.php?rest_route=\/wp\/v2\/product"}],"about":[{"href":"https:\/\/mjimport.com.br\/index.php?rest_route=\/wp\/v2\/types\/product"}],"version-history":[{"count":2,"href":"https:\/\/mjimport.com.br\/index.php?rest_route=\/wp\/v2\/product\/30160\/revisions"}],"predecessor-version":[{"id":31951,"href":"https:\/\/mjimport.com.br\/index.php?rest_route=\/wp\/v2\/product\/30160\/revisions\/31951"}],"wp:featuredmedia":[{"embeddable":true,"href":"https:\/\/mjimport.com.br\/index.php?rest_route=\/wp\/v2\/media\/30162"}],"wp:attachment":[{"href":"https:\/\/mjimport.com.br\/index.php?rest_route=%2Fwp%2Fv2%2Fmedia&parent=30160"}],"wp:term":[{"taxonomy":"product_brand","embeddable":true,"href":"https:\/\/mjimport.com.br\/index.php?rest_route=%2Fwp%2Fv2%2Fproduct_brand&post=30160"},{"taxonomy":"product_cat","embeddable":true,"href":"https:\/\/mjimport.com.br\/index.php?rest_route=%2Fwp%2Fv2%2Fproduct_cat&post=30160"},{"taxonomy":"product_tag","embeddable":true,"href":"https:\/\/mjimport.com.br\/index.php?rest_route=%2Fwp%2Fv2%2Fproduct_tag&post=30160"}],"curies":[{"name":"wp","href":"https:\/\/api.w.org\/{rel}","templated":true}]}}