{"id":30173,"date":"2026-02-28T19:21:21","date_gmt":"2026-02-28T19:21:21","guid":{"rendered":"https:\/\/mjimport.com.br\/?post_type=product&#038;p=30173"},"modified":"2026-03-26T15:42:24","modified_gmt":"2026-03-26T15:42:24","slug":"caixa-de-som-peining-karaoke-80w-c-rgb","status":"publish","type":"product","link":"https:\/\/mjimport.com.br\/?product=caixa-de-som-peining-karaoke-80w-c-rgb","title":{"rendered":"CAIXA DE SOM PEI-VKS02 PEINING KARAOK\u00ca 80W C RGB"},"content":{"rendered":"","protected":false},"excerpt":{"rendered":"<p class=\"price\">CAIXA DE SOM PEINING KARAOK\u00ca 80W C RGB<\/p>\n<div class=\"woocommerce-product-details__short-description\">\n<p>MODELO: PEI-VKS02<\/p>\n<p>COM LED RGB \/ 80W \/ BLUETOOTH 5.4 \/\u00a0 DURA\u00c7\u00c3O DE AT\u00c9 4 HORAS ( EM VOLUME 50% ) \/\u00a0 TF CARD (AT\u00c9 64 GB \/\u00a0 ALIMENTA\u00c7\u00c3O DC\u00a0 5V \/ CABO AUX \/\u00a0 TWS \/ CARREGAMENTO VIA CABO TP C \/ USB \/\u00a0 RESISTENTE A AGUA \/ DIMENS\u00c3O DO PRODUTO: 158X48\u00a0 MM \/ DISTANCIA ATE 6 METROS\u00a0 LIVRES\u00a0 \/ 6000 mAh \/ MATERIAL\u00a0 ( ABS+BORRACHA) \/ ACOMPANHA 2 MICROFONES SEM FIO \/ AL\u00c7A ESTAVEL E DESING PORTATIL, FACIL DE CARREGAR \/ 10 SONS DE RU\u00cdDO BRANCO \/ 1 FONTE DE ALIMENTA\u00c7\u00c3O \/ WIFI SUPORTE 2.4 G \/ 5 G<\/p>\n<\/div>\n","protected":false},"featured_media":30175,"template":"","meta":[],"product_brand":[],"product_cat":[79],"product_tag":[],"class_list":{"0":"post-30173","1":"product","2":"type-product","3":"status-publish","4":"has-post-thumbnail","6":"product_cat-caixa-de-som","8":"first","9":"instock","10":"sale","11":"virtual","12":"purchasable","13":"product-type-simple"},"_links":{"self":[{"href":"https:\/\/mjimport.com.br\/index.php?rest_route=\/wp\/v2\/product\/30173","targetHints":{"allow":["GET"]}}],"collection":[{"href":"https:\/\/mjimport.com.br\/index.php?rest_route=\/wp\/v2\/product"}],"about":[{"href":"https:\/\/mjimport.com.br\/index.php?rest_route=\/wp\/v2\/types\/product"}],"version-history":[{"count":3,"href":"https:\/\/mjimport.com.br\/index.php?rest_route=\/wp\/v2\/product\/30173\/revisions"}],"predecessor-version":[{"id":31953,"href":"https:\/\/mjimport.com.br\/index.php?rest_route=\/wp\/v2\/product\/30173\/revisions\/31953"}],"wp:featuredmedia":[{"embeddable":true,"href":"https:\/\/mjimport.com.br\/index.php?rest_route=\/wp\/v2\/media\/30175"}],"wp:attachment":[{"href":"https:\/\/mjimport.com.br\/index.php?rest_route=%2Fwp%2Fv2%2Fmedia&parent=30173"}],"wp:term":[{"taxonomy":"product_brand","embeddable":true,"href":"https:\/\/mjimport.com.br\/index.php?rest_route=%2Fwp%2Fv2%2Fproduct_brand&post=30173"},{"taxonomy":"product_cat","embeddable":true,"href":"https:\/\/mjimport.com.br\/index.php?rest_route=%2Fwp%2Fv2%2Fproduct_cat&post=30173"},{"taxonomy":"product_tag","embeddable":true,"href":"https:\/\/mjimport.com.br\/index.php?rest_route=%2Fwp%2Fv2%2Fproduct_tag&post=30173"}],"curies":[{"name":"wp","href":"https:\/\/api.w.org\/{rel}","templated":true}]}}