{"id":30179,"date":"2026-02-28T19:33:50","date_gmt":"2026-02-28T19:33:50","guid":{"rendered":"https:\/\/mjimport.com.br\/?post_type=product&#038;p=30179"},"modified":"2026-03-26T15:45:08","modified_gmt":"2026-03-26T15:45:08","slug":"caixa-de-som-peining-karaoke-200w","status":"publish","type":"product","link":"https:\/\/mjimport.com.br\/?product=caixa-de-som-peining-karaoke-200w","title":{"rendered":"CAIXA DE SOM PEI-SP07 PEINING KARAOK\u00ca 200W"},"content":{"rendered":"","protected":false},"excerpt":{"rendered":"<p class=\"price\">CAIXA DE SOM PEINING KARAOK\u00ca 200W<\/p>\n<div class=\"woocommerce-product-details__short-description\">\n<p>MODELO: PEI-SP07<\/p>\n<p>200W \/ BLUETOOTH 5.3 + EDR \/\u00a0 DURA\u00c7\u00c3O DE AT\u00c9 4 HORAS ( EM VOLUME 50% ) \/ CABO AUX \/\u00a0 TWS \/ USB \/\u00a0 RESISTENTE A AGUA \/ DISTANCIA ATE 10 METROS\u00a0 LIVRES\u00a0 \/ 4500 mAh \/ ACOMPANHA 2 MICROFONES SEM FIO \/ AL\u00c7A ESTAVEL E DESING PORTATIL, FACIL DE CARREGAR \/ FONTE DE ALIMENTA\u00c7\u00c3O<\/p>\n<\/div>\n","protected":false},"featured_media":30181,"template":"","meta":[],"product_brand":[],"product_cat":[79],"product_tag":[],"class_list":{"0":"post-30179","1":"product","2":"type-product","3":"status-publish","4":"has-post-thumbnail","6":"product_cat-caixa-de-som","8":"first","9":"instock","10":"sale","11":"virtual","12":"purchasable","13":"product-type-simple"},"_links":{"self":[{"href":"https:\/\/mjimport.com.br\/index.php?rest_route=\/wp\/v2\/product\/30179","targetHints":{"allow":["GET"]}}],"collection":[{"href":"https:\/\/mjimport.com.br\/index.php?rest_route=\/wp\/v2\/product"}],"about":[{"href":"https:\/\/mjimport.com.br\/index.php?rest_route=\/wp\/v2\/types\/product"}],"version-history":[{"count":4,"href":"https:\/\/mjimport.com.br\/index.php?rest_route=\/wp\/v2\/product\/30179\/revisions"}],"predecessor-version":[{"id":31954,"href":"https:\/\/mjimport.com.br\/index.php?rest_route=\/wp\/v2\/product\/30179\/revisions\/31954"}],"wp:featuredmedia":[{"embeddable":true,"href":"https:\/\/mjimport.com.br\/index.php?rest_route=\/wp\/v2\/media\/30181"}],"wp:attachment":[{"href":"https:\/\/mjimport.com.br\/index.php?rest_route=%2Fwp%2Fv2%2Fmedia&parent=30179"}],"wp:term":[{"taxonomy":"product_brand","embeddable":true,"href":"https:\/\/mjimport.com.br\/index.php?rest_route=%2Fwp%2Fv2%2Fproduct_brand&post=30179"},{"taxonomy":"product_cat","embeddable":true,"href":"https:\/\/mjimport.com.br\/index.php?rest_route=%2Fwp%2Fv2%2Fproduct_cat&post=30179"},{"taxonomy":"product_tag","embeddable":true,"href":"https:\/\/mjimport.com.br\/index.php?rest_route=%2Fwp%2Fv2%2Fproduct_tag&post=30179"}],"curies":[{"name":"wp","href":"https:\/\/api.w.org\/{rel}","templated":true}]}}