{"id":30202,"date":"2026-03-02T13:25:22","date_gmt":"2026-03-02T13:25:22","guid":{"rendered":"https:\/\/mjimport.com.br\/?post_type=product&#038;p=30202"},"modified":"2026-03-26T16:13:41","modified_gmt":"2026-03-26T16:13:41","slug":"caixa-de-som-peining-40-w-c-rgb","status":"publish","type":"product","link":"https:\/\/mjimport.com.br\/?product=caixa-de-som-peining-40-w-c-rgb","title":{"rendered":"CAIXA DE SOM PEI-SP06 PEINING 40 W C RGB"},"content":{"rendered":"","protected":false},"excerpt":{"rendered":"<p>CAIXA DE SOM PEINING 40 W C RGB<\/p>\n<p>MODELO: PEI-SP06<\/p>\n<p>COM LED RGB \/ 4OW \/ BLUETOOTH 5.3 + EDR \/ DIST\u00c2NCIA AT\u00c9 10 METROS LIVRE \/\u00a0 DURA\u00c7\u00c3O DE AT\u00c9 6 HORAS ( EM VOLUME MEDIO) \/ USB \/ TF CARD (AT\u00c9 64 GB \/ TWS \/ CABO AUX \/ CARREGAMENTO VIA CABO TP C \/ RESISTENTE A AGUA \/ AL\u00c7A\u00a0 \/ BATERIA EM LITIO \/ 4400MAH \/ SOM SURROUND 360\u00b0<\/p>\n","protected":false},"featured_media":30203,"template":"","meta":[],"product_brand":[],"product_cat":[79],"product_tag":[],"class_list":{"0":"post-30202","1":"product","2":"type-product","3":"status-publish","4":"has-post-thumbnail","6":"product_cat-caixa-de-som","8":"first","9":"instock","10":"sale","11":"virtual","12":"purchasable","13":"product-type-simple"},"_links":{"self":[{"href":"https:\/\/mjimport.com.br\/index.php?rest_route=\/wp\/v2\/product\/30202","targetHints":{"allow":["GET"]}}],"collection":[{"href":"https:\/\/mjimport.com.br\/index.php?rest_route=\/wp\/v2\/product"}],"about":[{"href":"https:\/\/mjimport.com.br\/index.php?rest_route=\/wp\/v2\/types\/product"}],"version-history":[{"count":3,"href":"https:\/\/mjimport.com.br\/index.php?rest_route=\/wp\/v2\/product\/30202\/revisions"}],"predecessor-version":[{"id":31957,"href":"https:\/\/mjimport.com.br\/index.php?rest_route=\/wp\/v2\/product\/30202\/revisions\/31957"}],"wp:featuredmedia":[{"embeddable":true,"href":"https:\/\/mjimport.com.br\/index.php?rest_route=\/wp\/v2\/media\/30203"}],"wp:attachment":[{"href":"https:\/\/mjimport.com.br\/index.php?rest_route=%2Fwp%2Fv2%2Fmedia&parent=30202"}],"wp:term":[{"taxonomy":"product_brand","embeddable":true,"href":"https:\/\/mjimport.com.br\/index.php?rest_route=%2Fwp%2Fv2%2Fproduct_brand&post=30202"},{"taxonomy":"product_cat","embeddable":true,"href":"https:\/\/mjimport.com.br\/index.php?rest_route=%2Fwp%2Fv2%2Fproduct_cat&post=30202"},{"taxonomy":"product_tag","embeddable":true,"href":"https:\/\/mjimport.com.br\/index.php?rest_route=%2Fwp%2Fv2%2Fproduct_tag&post=30202"}],"curies":[{"name":"wp","href":"https:\/\/api.w.org\/{rel}","templated":true}]}}