{"id":30206,"date":"2026-03-02T13:35:26","date_gmt":"2026-03-02T13:35:26","guid":{"rendered":"https:\/\/mjimport.com.br\/?post_type=product&#038;p=30206"},"modified":"2026-04-14T15:04:21","modified_gmt":"2026-04-14T15:04:21","slug":"caixa-de-som-peining-100-w-c-rgb","status":"publish","type":"product","link":"https:\/\/mjimport.com.br\/?product=caixa-de-som-peining-100-w-c-rgb","title":{"rendered":"CAIXA DE SOM PEI-238BT PEINING 100 W C RGB"},"content":{"rendered":"","protected":false},"excerpt":{"rendered":"<p>CAIXA DE SOM PEINING 100 W C RGB<\/p>\n<p>MODELO: PEI-238BT<\/p>\n<p>COM LED RGB \/ 100W \/ BLUETOOTH 5.4 \/ DIST\u00c2NCIA AT\u00c9 10 METROS LIVRE \/\u00a0 DURA\u00c7\u00c3O DE AT\u00c9 3 HORAS ( EM VOLUME MEDIO) \/ USB \/ TF CARD (AT\u00c9 64 GB \/ TWS \/ CABO AUX \/ CARREGAMENTO VIA CABO TP C \/ RESISTENTE A AGUA \/ AL\u00c7A\u00a0 \/ TAMANHO 232X109X111 MM \/ 3000MAH<\/p>\n","protected":false},"featured_media":30207,"template":"","meta":[],"product_brand":[],"product_cat":[79],"product_tag":[],"class_list":{"0":"post-30206","1":"product","2":"type-product","3":"status-publish","4":"has-post-thumbnail","6":"product_cat-caixa-de-som","8":"first","9":"instock","10":"sale","11":"virtual","12":"purchasable","13":"product-type-simple"},"_links":{"self":[{"href":"https:\/\/mjimport.com.br\/index.php?rest_route=\/wp\/v2\/product\/30206","targetHints":{"allow":["GET"]}}],"collection":[{"href":"https:\/\/mjimport.com.br\/index.php?rest_route=\/wp\/v2\/product"}],"about":[{"href":"https:\/\/mjimport.com.br\/index.php?rest_route=\/wp\/v2\/types\/product"}],"version-history":[{"count":3,"href":"https:\/\/mjimport.com.br\/index.php?rest_route=\/wp\/v2\/product\/30206\/revisions"}],"predecessor-version":[{"id":31969,"href":"https:\/\/mjimport.com.br\/index.php?rest_route=\/wp\/v2\/product\/30206\/revisions\/31969"}],"wp:featuredmedia":[{"embeddable":true,"href":"https:\/\/mjimport.com.br\/index.php?rest_route=\/wp\/v2\/media\/30207"}],"wp:attachment":[{"href":"https:\/\/mjimport.com.br\/index.php?rest_route=%2Fwp%2Fv2%2Fmedia&parent=30206"}],"wp:term":[{"taxonomy":"product_brand","embeddable":true,"href":"https:\/\/mjimport.com.br\/index.php?rest_route=%2Fwp%2Fv2%2Fproduct_brand&post=30206"},{"taxonomy":"product_cat","embeddable":true,"href":"https:\/\/mjimport.com.br\/index.php?rest_route=%2Fwp%2Fv2%2Fproduct_cat&post=30206"},{"taxonomy":"product_tag","embeddable":true,"href":"https:\/\/mjimport.com.br\/index.php?rest_route=%2Fwp%2Fv2%2Fproduct_tag&post=30206"}],"curies":[{"name":"wp","href":"https:\/\/api.w.org\/{rel}","templated":true}]}}