{"id":30211,"date":"2026-03-02T13:55:20","date_gmt":"2026-03-02T13:55:20","guid":{"rendered":"https:\/\/mjimport.com.br\/?post_type=product&#038;p=30211"},"modified":"2026-04-07T15:31:19","modified_gmt":"2026-04-07T15:31:19","slug":"caixa-de-som-peining-20-w-c-rgb","status":"publish","type":"product","link":"https:\/\/mjimport.com.br\/?product=caixa-de-som-peining-20-w-c-rgb","title":{"rendered":"CAIXA DE SOM PEI-S114 PEINING 20 W C RGB"},"content":{"rendered":"","protected":false},"excerpt":{"rendered":"<p>CAIXA DE SOM PEI-S114 PEINING 20 W C RGB<\/p>\n<p>MODELO: PEI-S114<\/p>\n<p>COM LED RGB \/ 20W \/ BLUETOOTH 5.3 \/ DIST\u00c2NCIA AT\u00c9 15 METROS LIVRE \/\u00a0 DURA\u00c7\u00c3O DE AT\u00c9 10 HORAS ( EM VOLUME MEDIO) \/ USB \/ TF CARD (AT\u00c9 64 GB \/ TWS \/ CABO AUX \/ CARREGAMENTO VIA CABO TP C \/ RESISTENTE A AGUA \/ AL\u00c7A LATERAL \/ 3000MAH \/ MATERIAL ABS+BORRACHA \/ TENS\u00c3O DE ENTRADA DC5V<\/p>\n","protected":false},"featured_media":30212,"template":"","meta":[],"product_brand":[],"product_cat":[79],"product_tag":[],"class_list":{"0":"post-30211","1":"product","2":"type-product","3":"status-publish","4":"has-post-thumbnail","6":"product_cat-caixa-de-som","8":"first","9":"instock","10":"sale","11":"virtual","12":"purchasable","13":"product-type-simple"},"_links":{"self":[{"href":"https:\/\/mjimport.com.br\/index.php?rest_route=\/wp\/v2\/product\/30211","targetHints":{"allow":["GET"]}}],"collection":[{"href":"https:\/\/mjimport.com.br\/index.php?rest_route=\/wp\/v2\/product"}],"about":[{"href":"https:\/\/mjimport.com.br\/index.php?rest_route=\/wp\/v2\/types\/product"}],"version-history":[{"count":2,"href":"https:\/\/mjimport.com.br\/index.php?rest_route=\/wp\/v2\/product\/30211\/revisions"}],"predecessor-version":[{"id":31970,"href":"https:\/\/mjimport.com.br\/index.php?rest_route=\/wp\/v2\/product\/30211\/revisions\/31970"}],"wp:featuredmedia":[{"embeddable":true,"href":"https:\/\/mjimport.com.br\/index.php?rest_route=\/wp\/v2\/media\/30212"}],"wp:attachment":[{"href":"https:\/\/mjimport.com.br\/index.php?rest_route=%2Fwp%2Fv2%2Fmedia&parent=30211"}],"wp:term":[{"taxonomy":"product_brand","embeddable":true,"href":"https:\/\/mjimport.com.br\/index.php?rest_route=%2Fwp%2Fv2%2Fproduct_brand&post=30211"},{"taxonomy":"product_cat","embeddable":true,"href":"https:\/\/mjimport.com.br\/index.php?rest_route=%2Fwp%2Fv2%2Fproduct_cat&post=30211"},{"taxonomy":"product_tag","embeddable":true,"href":"https:\/\/mjimport.com.br\/index.php?rest_route=%2Fwp%2Fv2%2Fproduct_tag&post=30211"}],"curies":[{"name":"wp","href":"https:\/\/api.w.org\/{rel}","templated":true}]}}