{"id":30221,"date":"2026-03-02T14:17:10","date_gmt":"2026-03-02T14:17:10","guid":{"rendered":"https:\/\/mjimport.com.br\/?post_type=product&#038;p=30221"},"modified":"2026-03-26T17:18:31","modified_gmt":"2026-03-26T17:18:31","slug":"caixa-de-som-peining-80-w-tws","status":"publish","type":"product","link":"https:\/\/mjimport.com.br\/?product=caixa-de-som-peining-80-w-tws","title":{"rendered":"CAIXA DE SOM PEI-S822 PEINING 80 W TWS"},"content":{"rendered":"","protected":false},"excerpt":{"rendered":"<p>CAIXA DE SOM PEI-S822 PEINING 80 W TWS<\/p>\n<p>MODELO: PEI-S822<\/p>\n<p>80W \/ BLUETOOTH 5.0 \/ DIST\u00c2NCIA AT\u00c9 18 METROS LIVRE \/\u00a0 DURA\u00c7\u00c3O DE AT\u00c9 12 HORAS ( EM VOLUME MEDIO) \/ USB \/ TF CARD (AT\u00c9 64 GB \/ TWS \/ CABO AUX \/ CARREGAMENTO VIA CABO TIPO C \/ RESISTENTE A AGUA \/ 1000MAH \/ MATERIAL ABS+BORRACHA \/ TENS\u00c3O DE ENTRADA DC5V \/ CORDA DE ELEVA\u00c7\u00c3O \/ TAMANHO DO PRODUTO L260XH105X186 MM<\/p>\n","protected":false},"featured_media":30222,"template":"","meta":[],"product_brand":[],"product_cat":[79],"product_tag":[],"class_list":{"0":"post-30221","1":"product","2":"type-product","3":"status-publish","4":"has-post-thumbnail","6":"product_cat-caixa-de-som","8":"first","9":"instock","10":"sale","11":"virtual","12":"purchasable","13":"product-type-simple"},"_links":{"self":[{"href":"https:\/\/mjimport.com.br\/index.php?rest_route=\/wp\/v2\/product\/30221","targetHints":{"allow":["GET"]}}],"collection":[{"href":"https:\/\/mjimport.com.br\/index.php?rest_route=\/wp\/v2\/product"}],"about":[{"href":"https:\/\/mjimport.com.br\/index.php?rest_route=\/wp\/v2\/types\/product"}],"version-history":[{"count":2,"href":"https:\/\/mjimport.com.br\/index.php?rest_route=\/wp\/v2\/product\/30221\/revisions"}],"predecessor-version":[{"id":31968,"href":"https:\/\/mjimport.com.br\/index.php?rest_route=\/wp\/v2\/product\/30221\/revisions\/31968"}],"wp:featuredmedia":[{"embeddable":true,"href":"https:\/\/mjimport.com.br\/index.php?rest_route=\/wp\/v2\/media\/30222"}],"wp:attachment":[{"href":"https:\/\/mjimport.com.br\/index.php?rest_route=%2Fwp%2Fv2%2Fmedia&parent=30221"}],"wp:term":[{"taxonomy":"product_brand","embeddable":true,"href":"https:\/\/mjimport.com.br\/index.php?rest_route=%2Fwp%2Fv2%2Fproduct_brand&post=30221"},{"taxonomy":"product_cat","embeddable":true,"href":"https:\/\/mjimport.com.br\/index.php?rest_route=%2Fwp%2Fv2%2Fproduct_cat&post=30221"},{"taxonomy":"product_tag","embeddable":true,"href":"https:\/\/mjimport.com.br\/index.php?rest_route=%2Fwp%2Fv2%2Fproduct_tag&post=30221"}],"curies":[{"name":"wp","href":"https:\/\/api.w.org\/{rel}","templated":true}]}}