{"id":30234,"date":"2026-03-02T15:15:13","date_gmt":"2026-03-02T15:15:13","guid":{"rendered":"https:\/\/mjimport.com.br\/?post_type=product&#038;p=30234"},"modified":"2026-03-26T17:17:11","modified_gmt":"2026-03-26T17:17:11","slug":"caixa-de-som-peining-15-w-wireless-2","status":"publish","type":"product","link":"https:\/\/mjimport.com.br\/?product=caixa-de-som-peining-15-w-wireless-2","title":{"rendered":"CAIXA DE SOM EI-S510 PEINING 15 W WIRELESS"},"content":{"rendered":"","protected":false},"excerpt":{"rendered":"<p>CAIXA DE SOM EI-S510 PEINING 15 W WIRELESS<\/p>\n<p>MODELO: PEI-S510<\/p>\n<p>15 W \/ BLUETOOTH 5.1 \/ DIST\u00c2NCIA AT\u00c9 18 METROS LIVRE \/\u00a0 DURA\u00c7\u00c3O DE AT\u00c9 18 HORAS ( EM VOLUME MEDIO) \/ USB \/ TF CARD (AT\u00c9 64 GB \/ TWS \/ CABO AUX \/ CARREGAMENTO VIA CABO TP C \/ RESISTENTE A AGUA \/ AL\u00c7A LATERAL \/ 3000MAH \/ MATERIAL ABS+BORRACHA \/ TENS\u00c3O DE ENTRADA 5V\/1A<\/p>\n","protected":false},"featured_media":30235,"template":"","meta":[],"product_brand":[],"product_cat":[79],"product_tag":[],"class_list":{"0":"post-30234","1":"product","2":"type-product","3":"status-publish","4":"has-post-thumbnail","6":"product_cat-caixa-de-som","8":"first","9":"instock","10":"sale","11":"virtual","12":"purchasable","13":"product-type-simple"},"_links":{"self":[{"href":"https:\/\/mjimport.com.br\/index.php?rest_route=\/wp\/v2\/product\/30234","targetHints":{"allow":["GET"]}}],"collection":[{"href":"https:\/\/mjimport.com.br\/index.php?rest_route=\/wp\/v2\/product"}],"about":[{"href":"https:\/\/mjimport.com.br\/index.php?rest_route=\/wp\/v2\/types\/product"}],"version-history":[{"count":2,"href":"https:\/\/mjimport.com.br\/index.php?rest_route=\/wp\/v2\/product\/30234\/revisions"}],"predecessor-version":[{"id":31965,"href":"https:\/\/mjimport.com.br\/index.php?rest_route=\/wp\/v2\/product\/30234\/revisions\/31965"}],"wp:featuredmedia":[{"embeddable":true,"href":"https:\/\/mjimport.com.br\/index.php?rest_route=\/wp\/v2\/media\/30235"}],"wp:attachment":[{"href":"https:\/\/mjimport.com.br\/index.php?rest_route=%2Fwp%2Fv2%2Fmedia&parent=30234"}],"wp:term":[{"taxonomy":"product_brand","embeddable":true,"href":"https:\/\/mjimport.com.br\/index.php?rest_route=%2Fwp%2Fv2%2Fproduct_brand&post=30234"},{"taxonomy":"product_cat","embeddable":true,"href":"https:\/\/mjimport.com.br\/index.php?rest_route=%2Fwp%2Fv2%2Fproduct_cat&post=30234"},{"taxonomy":"product_tag","embeddable":true,"href":"https:\/\/mjimport.com.br\/index.php?rest_route=%2Fwp%2Fv2%2Fproduct_tag&post=30234"}],"curies":[{"name":"wp","href":"https:\/\/api.w.org\/{rel}","templated":true}]}}