{"id":30238,"date":"2026-03-02T15:22:03","date_gmt":"2026-03-02T15:22:03","guid":{"rendered":"https:\/\/mjimport.com.br\/?post_type=product&#038;p=30238"},"modified":"2026-03-26T17:16:25","modified_gmt":"2026-03-26T17:16:25","slug":"caixa-de-som-peining-10-w-wireless","status":"publish","type":"product","link":"https:\/\/mjimport.com.br\/?product=caixa-de-som-peining-10-w-wireless","title":{"rendered":"CAIXA DE SOM PEI-S511 PEINING 10 W WIRELESS"},"content":{"rendered":"","protected":false},"excerpt":{"rendered":"<p>CAIXA DE SOM PEI-S511 PEINING 10 W WIRELESS<\/p>\n<p>MODELO: PEI-S511<\/p>\n<p>10 W COM RGB \/ BLUETOOTH 5.3 \/ DIST\u00c2NCIA AT\u00c9 10 METROS LIVRE \/\u00a0 DURA\u00c7\u00c3O DE AT\u00c9 10 HORAS ( EM VOLUME MEDIO) \/ CARREGAMENTO VIA CABO TP C \/ RESISTENTE A AGUA \/ AL\u00c7A LATERAL \/ 1500MAH \/ MATERIAL ABS+BORRACHA \/ TENS\u00c3O DE ENTRADA 5V\/2A<\/p>\n","protected":false},"featured_media":30239,"template":"","meta":[],"product_brand":[],"product_cat":[79],"product_tag":[],"class_list":{"0":"post-30238","1":"product","2":"type-product","3":"status-publish","4":"has-post-thumbnail","6":"product_cat-caixa-de-som","8":"first","9":"instock","10":"sale","11":"virtual","12":"purchasable","13":"product-type-simple"},"_links":{"self":[{"href":"https:\/\/mjimport.com.br\/index.php?rest_route=\/wp\/v2\/product\/30238","targetHints":{"allow":["GET"]}}],"collection":[{"href":"https:\/\/mjimport.com.br\/index.php?rest_route=\/wp\/v2\/product"}],"about":[{"href":"https:\/\/mjimport.com.br\/index.php?rest_route=\/wp\/v2\/types\/product"}],"version-history":[{"count":3,"href":"https:\/\/mjimport.com.br\/index.php?rest_route=\/wp\/v2\/product\/30238\/revisions"}],"predecessor-version":[{"id":31964,"href":"https:\/\/mjimport.com.br\/index.php?rest_route=\/wp\/v2\/product\/30238\/revisions\/31964"}],"wp:featuredmedia":[{"embeddable":true,"href":"https:\/\/mjimport.com.br\/index.php?rest_route=\/wp\/v2\/media\/30239"}],"wp:attachment":[{"href":"https:\/\/mjimport.com.br\/index.php?rest_route=%2Fwp%2Fv2%2Fmedia&parent=30238"}],"wp:term":[{"taxonomy":"product_brand","embeddable":true,"href":"https:\/\/mjimport.com.br\/index.php?rest_route=%2Fwp%2Fv2%2Fproduct_brand&post=30238"},{"taxonomy":"product_cat","embeddable":true,"href":"https:\/\/mjimport.com.br\/index.php?rest_route=%2Fwp%2Fv2%2Fproduct_cat&post=30238"},{"taxonomy":"product_tag","embeddable":true,"href":"https:\/\/mjimport.com.br\/index.php?rest_route=%2Fwp%2Fv2%2Fproduct_tag&post=30238"}],"curies":[{"name":"wp","href":"https:\/\/api.w.org\/{rel}","templated":true}]}}