{"id":30243,"date":"2026-03-02T15:27:26","date_gmt":"2026-03-02T15:27:26","guid":{"rendered":"https:\/\/mjimport.com.br\/?post_type=product&#038;p=30243"},"modified":"2026-03-26T17:15:58","modified_gmt":"2026-03-26T17:15:58","slug":"caixa-de-som-peining-15-w-wireless-3","status":"publish","type":"product","link":"https:\/\/mjimport.com.br\/?product=caixa-de-som-peining-15-w-wireless-3","title":{"rendered":"CAIXA DE SOM PEI-S509 PEINING 15 W WIRELESS"},"content":{"rendered":"","protected":false},"excerpt":{"rendered":"<p>CAIXA DE SOM PEI-S509 PEINING 15 W WIRELESS<\/p>\n<p>MODELO: PEI-S509<\/p>\n<p>15 W \/ BLUETOOTH 5.1 \/ DIST\u00c2NCIA AT\u00c9 18 METROS LIVRE \/\u00a0 DURA\u00c7\u00c3O DE AT\u00c9 18 HORAS ( EM VOLUME MEDIO) \/ CARREGAMENTO VIA CABO TP C \/ USB \/ CABO AUX \/ TF CARD (AT\u00c9 64 BG ) \/ RESISTENTE A AGUA \/ 3000MAH \/ TENS\u00c3O DE ENTRADA 5V\/2A<\/p>\n","protected":false},"featured_media":30244,"template":"","meta":[],"product_brand":[],"product_cat":[79],"product_tag":[],"class_list":{"0":"post-30243","1":"product","2":"type-product","3":"status-publish","4":"has-post-thumbnail","6":"product_cat-caixa-de-som","8":"first","9":"instock","10":"sale","11":"virtual","12":"purchasable","13":"product-type-simple"},"_links":{"self":[{"href":"https:\/\/mjimport.com.br\/index.php?rest_route=\/wp\/v2\/product\/30243","targetHints":{"allow":["GET"]}}],"collection":[{"href":"https:\/\/mjimport.com.br\/index.php?rest_route=\/wp\/v2\/product"}],"about":[{"href":"https:\/\/mjimport.com.br\/index.php?rest_route=\/wp\/v2\/types\/product"}],"version-history":[{"count":3,"href":"https:\/\/mjimport.com.br\/index.php?rest_route=\/wp\/v2\/product\/30243\/revisions"}],"predecessor-version":[{"id":31963,"href":"https:\/\/mjimport.com.br\/index.php?rest_route=\/wp\/v2\/product\/30243\/revisions\/31963"}],"wp:featuredmedia":[{"embeddable":true,"href":"https:\/\/mjimport.com.br\/index.php?rest_route=\/wp\/v2\/media\/30244"}],"wp:attachment":[{"href":"https:\/\/mjimport.com.br\/index.php?rest_route=%2Fwp%2Fv2%2Fmedia&parent=30243"}],"wp:term":[{"taxonomy":"product_brand","embeddable":true,"href":"https:\/\/mjimport.com.br\/index.php?rest_route=%2Fwp%2Fv2%2Fproduct_brand&post=30243"},{"taxonomy":"product_cat","embeddable":true,"href":"https:\/\/mjimport.com.br\/index.php?rest_route=%2Fwp%2Fv2%2Fproduct_cat&post=30243"},{"taxonomy":"product_tag","embeddable":true,"href":"https:\/\/mjimport.com.br\/index.php?rest_route=%2Fwp%2Fv2%2Fproduct_tag&post=30243"}],"curies":[{"name":"wp","href":"https:\/\/api.w.org\/{rel}","templated":true}]}}