{"id":30257,"date":"2026-03-02T16:16:28","date_gmt":"2026-03-02T16:16:28","guid":{"rendered":"https:\/\/mjimport.com.br\/?post_type=product&#038;p=30257"},"modified":"2026-03-26T15:33:24","modified_gmt":"2026-03-26T15:33:24","slug":"caixa-de-som-peining-100-w-c-rgb-2","status":"publish","type":"product","link":"https:\/\/mjimport.com.br\/?product=caixa-de-som-peining-100-w-c-rgb-2","title":{"rendered":"CAIXA DE SOM PEI-S104 PEINING 100 W C RGB"},"content":{"rendered":"","protected":false},"excerpt":{"rendered":"<p>CAIXA DE SOM PEINING 100 W C RGB<\/p>\n<p>MODELO: PEI-S104<\/p>\n<p>100 W COM RGB \/ BLUETOOTH 5.3 \/ DIST\u00c2NCIA AT\u00c9 12 METROS LIVRE \/\u00a0 DURA\u00c7\u00c3O DE AT\u00c9 8 HORAS ( EM VOLUME MEDIO) \/ CARREGAMENTO VIA CABO TP C \/ USB \/ CABO AUX \/ MAC \/\u00a0 TF CARD (AT\u00c9 64 BG ) \/ RESISTENTE A AGUA \/ 8000MAH \/ TENS\u00c3O DE ENTRADA 5V\/3A \/ ACOMPANHA 2 MICROFONES SEM FIO COM AL\u00c7A \/ TAMANHO 366X152X200 MM<\/p>\n","protected":false},"featured_media":30258,"template":"","meta":[],"product_brand":[],"product_cat":[79],"product_tag":[],"class_list":{"0":"post-30257","1":"product","2":"type-product","3":"status-publish","4":"has-post-thumbnail","6":"product_cat-caixa-de-som","8":"first","9":"instock","10":"sale","11":"virtual","12":"purchasable","13":"product-type-simple"},"_links":{"self":[{"href":"https:\/\/mjimport.com.br\/index.php?rest_route=\/wp\/v2\/product\/30257","targetHints":{"allow":["GET"]}}],"collection":[{"href":"https:\/\/mjimport.com.br\/index.php?rest_route=\/wp\/v2\/product"}],"about":[{"href":"https:\/\/mjimport.com.br\/index.php?rest_route=\/wp\/v2\/types\/product"}],"version-history":[{"count":2,"href":"https:\/\/mjimport.com.br\/index.php?rest_route=\/wp\/v2\/product\/30257\/revisions"}],"predecessor-version":[{"id":31940,"href":"https:\/\/mjimport.com.br\/index.php?rest_route=\/wp\/v2\/product\/30257\/revisions\/31940"}],"wp:featuredmedia":[{"embeddable":true,"href":"https:\/\/mjimport.com.br\/index.php?rest_route=\/wp\/v2\/media\/30258"}],"wp:attachment":[{"href":"https:\/\/mjimport.com.br\/index.php?rest_route=%2Fwp%2Fv2%2Fmedia&parent=30257"}],"wp:term":[{"taxonomy":"product_brand","embeddable":true,"href":"https:\/\/mjimport.com.br\/index.php?rest_route=%2Fwp%2Fv2%2Fproduct_brand&post=30257"},{"taxonomy":"product_cat","embeddable":true,"href":"https:\/\/mjimport.com.br\/index.php?rest_route=%2Fwp%2Fv2%2Fproduct_cat&post=30257"},{"taxonomy":"product_tag","embeddable":true,"href":"https:\/\/mjimport.com.br\/index.php?rest_route=%2Fwp%2Fv2%2Fproduct_tag&post=30257"}],"curies":[{"name":"wp","href":"https:\/\/api.w.org\/{rel}","templated":true}]}}