{"id":30268,"date":"2026-03-02T16:50:31","date_gmt":"2026-03-02T16:50:31","guid":{"rendered":"https:\/\/mjimport.com.br\/?post_type=product&#038;p=30268"},"modified":"2026-03-26T17:13:53","modified_gmt":"2026-03-26T17:13:53","slug":"caixa-de-som-peining-200-w-c-rgb-s105","status":"publish","type":"product","link":"https:\/\/mjimport.com.br\/?product=caixa-de-som-peining-200-w-c-rgb-s105","title":{"rendered":"CAIXA DE SOM PEI-S105 PEINING 200 W C RGB S105"},"content":{"rendered":"","protected":false},"excerpt":{"rendered":"<p>CAIXA DE SOM PEI-S105 PEINING 200 W C RGB S105<\/p>\n<p>MODELO: PEI-S105<\/p>\n<p>200 W COM RGB \/ BLUETOOTH 5.3 \/ DIST\u00c2NCIA AT\u00c9 12 METROS LIVRE \/\u00a0 DURA\u00c7\u00c3O DE AT\u00c9 8 HORAS ( EM VOLUME MEDIO) \/ CARREGAMENTO VIA CABO TP C \/ USB \/ CABO AUX \/\u00a0 TF CARD (AT\u00c9 64 BG ) \/ RESISTENTE A AGUA \/ 1200MAH \/ TENS\u00c3O DE ENTRADA 5V\/3A \/ COM AL\u00c7A \/\u00a0 TAMANHO 447*189*238 MM \/ ACOMPANHA 2 MICROFONES SEM FIO<\/p>\n","protected":false},"featured_media":30269,"template":"","meta":[],"product_brand":[],"product_cat":[79],"product_tag":[],"class_list":{"0":"post-30268","1":"product","2":"type-product","3":"status-publish","4":"has-post-thumbnail","6":"product_cat-caixa-de-som","8":"first","9":"instock","10":"sale","11":"virtual","12":"purchasable","13":"product-type-simple"},"_links":{"self":[{"href":"https:\/\/mjimport.com.br\/index.php?rest_route=\/wp\/v2\/product\/30268","targetHints":{"allow":["GET"]}}],"collection":[{"href":"https:\/\/mjimport.com.br\/index.php?rest_route=\/wp\/v2\/product"}],"about":[{"href":"https:\/\/mjimport.com.br\/index.php?rest_route=\/wp\/v2\/types\/product"}],"version-history":[{"count":3,"href":"https:\/\/mjimport.com.br\/index.php?rest_route=\/wp\/v2\/product\/30268\/revisions"}],"predecessor-version":[{"id":31960,"href":"https:\/\/mjimport.com.br\/index.php?rest_route=\/wp\/v2\/product\/30268\/revisions\/31960"}],"wp:featuredmedia":[{"embeddable":true,"href":"https:\/\/mjimport.com.br\/index.php?rest_route=\/wp\/v2\/media\/30269"}],"wp:attachment":[{"href":"https:\/\/mjimport.com.br\/index.php?rest_route=%2Fwp%2Fv2%2Fmedia&parent=30268"}],"wp:term":[{"taxonomy":"product_brand","embeddable":true,"href":"https:\/\/mjimport.com.br\/index.php?rest_route=%2Fwp%2Fv2%2Fproduct_brand&post=30268"},{"taxonomy":"product_cat","embeddable":true,"href":"https:\/\/mjimport.com.br\/index.php?rest_route=%2Fwp%2Fv2%2Fproduct_cat&post=30268"},{"taxonomy":"product_tag","embeddable":true,"href":"https:\/\/mjimport.com.br\/index.php?rest_route=%2Fwp%2Fv2%2Fproduct_tag&post=30268"}],"curies":[{"name":"wp","href":"https:\/\/api.w.org\/{rel}","templated":true}]}}