{"id":30272,"date":"2026-03-02T17:08:38","date_gmt":"2026-03-02T17:08:38","guid":{"rendered":"https:\/\/mjimport.com.br\/?post_type=product&#038;p=30272"},"modified":"2026-03-26T17:13:01","modified_gmt":"2026-03-26T17:13:01","slug":"caixa-de-som-peining-300-w-c-rgb-sp","status":"publish","type":"product","link":"https:\/\/mjimport.com.br\/?product=caixa-de-som-peining-300-w-c-rgb-sp","title":{"rendered":"CAIXA DE SOM PEI-SP10 PEINING 300 W C RGB SP"},"content":{"rendered":"","protected":false},"excerpt":{"rendered":"<p>CAIXA DE SOM PEI-SP10 PEINING 300 W C RGB SP<\/p>\n<p>MODELO: PEI-SP10<\/p>\n<p>300 W COM RGB \/ BLUETOOTH 5.3 \/ DIST\u00c2NCIA AT\u00c9 8 METROS LIVRE \/\u00a0 DURA\u00c7\u00c3O DE AT\u00c9 4 HORAS ( EM VOLUME MEDIO) \/ CARREGAMENTO VIA CABO TP C \/ USB \/ CABO AUX \/\u00a0 MIC \/ TF CARD (AT\u00c9 64 BG ) \/ RESISTENTE A AGUA \/ 8000MAH \/ TENS\u00c3O DE ENTRADA 7V \/ ACOMPANHA 2 MICROFONES\u00a0 SEM FIO \/ DISTOR\u00c7\u00c3O 3% \/ WOOFER DUPLO DE 4 POLEGADAS \/ TWEETER DUPLO DE 52 MM<\/p>\n","protected":false},"featured_media":30273,"template":"","meta":[],"product_brand":[],"product_cat":[79],"product_tag":[],"class_list":{"0":"post-30272","1":"product","2":"type-product","3":"status-publish","4":"has-post-thumbnail","6":"product_cat-caixa-de-som","8":"first","9":"instock","10":"sale","11":"virtual","12":"purchasable","13":"product-type-simple"},"_links":{"self":[{"href":"https:\/\/mjimport.com.br\/index.php?rest_route=\/wp\/v2\/product\/30272","targetHints":{"allow":["GET"]}}],"collection":[{"href":"https:\/\/mjimport.com.br\/index.php?rest_route=\/wp\/v2\/product"}],"about":[{"href":"https:\/\/mjimport.com.br\/index.php?rest_route=\/wp\/v2\/types\/product"}],"version-history":[{"count":2,"href":"https:\/\/mjimport.com.br\/index.php?rest_route=\/wp\/v2\/product\/30272\/revisions"}],"predecessor-version":[{"id":31959,"href":"https:\/\/mjimport.com.br\/index.php?rest_route=\/wp\/v2\/product\/30272\/revisions\/31959"}],"wp:featuredmedia":[{"embeddable":true,"href":"https:\/\/mjimport.com.br\/index.php?rest_route=\/wp\/v2\/media\/30273"}],"wp:attachment":[{"href":"https:\/\/mjimport.com.br\/index.php?rest_route=%2Fwp%2Fv2%2Fmedia&parent=30272"}],"wp:term":[{"taxonomy":"product_brand","embeddable":true,"href":"https:\/\/mjimport.com.br\/index.php?rest_route=%2Fwp%2Fv2%2Fproduct_brand&post=30272"},{"taxonomy":"product_cat","embeddable":true,"href":"https:\/\/mjimport.com.br\/index.php?rest_route=%2Fwp%2Fv2%2Fproduct_cat&post=30272"},{"taxonomy":"product_tag","embeddable":true,"href":"https:\/\/mjimport.com.br\/index.php?rest_route=%2Fwp%2Fv2%2Fproduct_tag&post=30272"}],"curies":[{"name":"wp","href":"https:\/\/api.w.org\/{rel}","templated":true}]}}