{"id":30281,"date":"2026-03-02T19:04:49","date_gmt":"2026-03-02T19:04:49","guid":{"rendered":"https:\/\/mjimport.com.br\/?post_type=product&#038;p=30281"},"modified":"2026-03-26T17:12:12","modified_gmt":"2026-03-26T17:12:12","slug":"caixa-de-som-peining-400-w-c-rgb-sp","status":"publish","type":"product","link":"https:\/\/mjimport.com.br\/?product=caixa-de-som-peining-400-w-c-rgb-sp","title":{"rendered":"CAIXA DE SOM PEI-SP02 PEINING 400 W C RGB SP"},"content":{"rendered":"","protected":false},"excerpt":{"rendered":"<p>CAIXA DE SOM PEI-SP02 PEINING 400 W C RGB SP<\/p>\n<p>MODELO: PEI-SP02<\/p>\n<p>400 W COM RGB \/ BLUETOOTH 5.3 \/ DIST\u00c2NCIA AT\u00c9 10 METROS LIVRES \/\u00a0 DURA\u00c7\u00c3O DE AT\u00c9 6 HORAS ( EM VOLUME MEDIO) \/ CARREGAMENTO VIA CABO TP C (OTG)\u00a0 \/ USB \/ CABO AUX \/ TWS\u00a0 \/\u00a0 MIC &#8211; 1 E 2\u00a0 \/ TF CARD (AT\u00c9 64 BG ) \/ RESISTENTE A AGUA \/ BATERIA EM LITIO 75000MAH \/ TENS\u00c3O DE ENTRADA 5V-1A \/ ACOMPANHA 2 MICROFONES\u00a0 SEM FIO \/ FONTE DE ALIMENTA\u00c7\u00c3O 60W\u00a0 \u00a0\/ AL\u00c7A PORTATIL + CONTROLE REMOTO<\/p>\n","protected":false},"featured_media":30280,"template":"","meta":[],"product_brand":[],"product_cat":[79],"product_tag":[],"class_list":{"0":"post-30281","1":"product","2":"type-product","3":"status-publish","4":"has-post-thumbnail","6":"product_cat-caixa-de-som","8":"first","9":"instock","10":"sale","11":"virtual","12":"purchasable","13":"product-type-simple"},"_links":{"self":[{"href":"https:\/\/mjimport.com.br\/index.php?rest_route=\/wp\/v2\/product\/30281","targetHints":{"allow":["GET"]}}],"collection":[{"href":"https:\/\/mjimport.com.br\/index.php?rest_route=\/wp\/v2\/product"}],"about":[{"href":"https:\/\/mjimport.com.br\/index.php?rest_route=\/wp\/v2\/types\/product"}],"version-history":[{"count":4,"href":"https:\/\/mjimport.com.br\/index.php?rest_route=\/wp\/v2\/product\/30281\/revisions"}],"predecessor-version":[{"id":31958,"href":"https:\/\/mjimport.com.br\/index.php?rest_route=\/wp\/v2\/product\/30281\/revisions\/31958"}],"wp:featuredmedia":[{"embeddable":true,"href":"https:\/\/mjimport.com.br\/index.php?rest_route=\/wp\/v2\/media\/30280"}],"wp:attachment":[{"href":"https:\/\/mjimport.com.br\/index.php?rest_route=%2Fwp%2Fv2%2Fmedia&parent=30281"}],"wp:term":[{"taxonomy":"product_brand","embeddable":true,"href":"https:\/\/mjimport.com.br\/index.php?rest_route=%2Fwp%2Fv2%2Fproduct_brand&post=30281"},{"taxonomy":"product_cat","embeddable":true,"href":"https:\/\/mjimport.com.br\/index.php?rest_route=%2Fwp%2Fv2%2Fproduct_cat&post=30281"},{"taxonomy":"product_tag","embeddable":true,"href":"https:\/\/mjimport.com.br\/index.php?rest_route=%2Fwp%2Fv2%2Fproduct_tag&post=30281"}],"curies":[{"name":"wp","href":"https:\/\/api.w.org\/{rel}","templated":true}]}}