{"id":30316,"date":"2026-03-03T15:21:27","date_gmt":"2026-03-03T15:21:27","guid":{"rendered":"https:\/\/mjimport.com.br\/?post_type=product&#038;p=30316"},"modified":"2026-03-03T15:51:28","modified_gmt":"2026-03-03T15:51:28","slug":"caixa-de-som-peining-pei-s112-c-rgb-10w","status":"publish","type":"product","link":"https:\/\/mjimport.com.br\/?product=caixa-de-som-peining-pei-s112-c-rgb-10w","title":{"rendered":"CAIXA DE SOM PEINING PEI-S112 C RGB 10W"},"content":{"rendered":"","protected":false},"excerpt":{"rendered":"<p>CAIXA DE SOM PEINING PEI-S112 C RGB 10W<\/p>\n<p>MODELO: PEI-S112<\/p>\n<p>10 W C RGB \/ BLUETOOTH 6.0 \/ DISTANCIA DE AT\u00c9 15 METROS (LIVRE DE OBSTACULO) \/ DURA\u00c7\u00c3O DE AT\u00c9 6 (COM VOLUME DE AT\u00c9 50% ) \/ USB \/ TF CARD (AT\u00c9 64GB ) CABO AUX \/ TWS \/ CARREGAMENTO VIA CABO TP C \/ MATERIAL ABS+BORRACHA \/ DC5V<\/p>\n","protected":false},"featured_media":30317,"template":"","meta":[],"product_brand":[],"product_cat":[79],"product_tag":[],"class_list":{"0":"post-30316","1":"product","2":"type-product","3":"status-publish","4":"has-post-thumbnail","6":"product_cat-caixa-de-som","8":"first","9":"instock","10":"sale","11":"virtual","12":"purchasable","13":"product-type-simple"},"_links":{"self":[{"href":"https:\/\/mjimport.com.br\/index.php?rest_route=\/wp\/v2\/product\/30316","targetHints":{"allow":["GET"]}}],"collection":[{"href":"https:\/\/mjimport.com.br\/index.php?rest_route=\/wp\/v2\/product"}],"about":[{"href":"https:\/\/mjimport.com.br\/index.php?rest_route=\/wp\/v2\/types\/product"}],"version-history":[{"count":4,"href":"https:\/\/mjimport.com.br\/index.php?rest_route=\/wp\/v2\/product\/30316\/revisions"}],"predecessor-version":[{"id":30333,"href":"https:\/\/mjimport.com.br\/index.php?rest_route=\/wp\/v2\/product\/30316\/revisions\/30333"}],"wp:featuredmedia":[{"embeddable":true,"href":"https:\/\/mjimport.com.br\/index.php?rest_route=\/wp\/v2\/media\/30317"}],"wp:attachment":[{"href":"https:\/\/mjimport.com.br\/index.php?rest_route=%2Fwp%2Fv2%2Fmedia&parent=30316"}],"wp:term":[{"taxonomy":"product_brand","embeddable":true,"href":"https:\/\/mjimport.com.br\/index.php?rest_route=%2Fwp%2Fv2%2Fproduct_brand&post=30316"},{"taxonomy":"product_cat","embeddable":true,"href":"https:\/\/mjimport.com.br\/index.php?rest_route=%2Fwp%2Fv2%2Fproduct_cat&post=30316"},{"taxonomy":"product_tag","embeddable":true,"href":"https:\/\/mjimport.com.br\/index.php?rest_route=%2Fwp%2Fv2%2Fproduct_tag&post=30316"}],"curies":[{"name":"wp","href":"https:\/\/api.w.org\/{rel}","templated":true}]}}