{"id":30334,"date":"2026-03-03T16:03:51","date_gmt":"2026-03-03T16:03:51","guid":{"rendered":"https:\/\/mjimport.com.br\/?post_type=product&#038;p=30334"},"modified":"2026-03-03T16:04:06","modified_gmt":"2026-03-03T16:04:06","slug":"caixa-de-som-peining-pei-sp01-30w-c-rgb","status":"publish","type":"product","link":"https:\/\/mjimport.com.br\/?product=caixa-de-som-peining-pei-sp01-30w-c-rgb","title":{"rendered":"CAIXA DE SOM PEINING PEI-SP01 30W C RGB"},"content":{"rendered":"","protected":false},"excerpt":{"rendered":"<div class=\"woocommerce-product-details__short-description\">\n<p>CAIXA DE SOM PEINING PEI-SP01 30W C RGB<\/p>\n<p>MODELO: PEI-SP01<\/p>\n<p>30 W C RGB \/ BLUETOOTH 5.3 \/ DISTANCIA DE AT\u00c9 18 METROS (LIVRE DE OBSTACULO) \/ DURA\u00c7\u00c3O DE AT\u00c9 10 (COM VOLUME DE AT\u00c9 50% ) \/ USB \/ TF CARD (AT\u00c9 64GB ) CABO AUX \/ TWS \/ CARREGAMENTO VIA CABO TP C\u00a0 \/\u00a0 MATERIAL ABS+BORRACHA \/ DC5V-1A<\/p>\n<\/div>\n","protected":false},"featured_media":30335,"template":"","meta":[],"product_brand":[],"product_cat":[79],"product_tag":[],"class_list":{"0":"post-30334","1":"product","2":"type-product","3":"status-publish","4":"has-post-thumbnail","6":"product_cat-caixa-de-som","8":"first","9":"instock","10":"sale","11":"virtual","12":"purchasable","13":"product-type-simple"},"_links":{"self":[{"href":"https:\/\/mjimport.com.br\/index.php?rest_route=\/wp\/v2\/product\/30334","targetHints":{"allow":["GET"]}}],"collection":[{"href":"https:\/\/mjimport.com.br\/index.php?rest_route=\/wp\/v2\/product"}],"about":[{"href":"https:\/\/mjimport.com.br\/index.php?rest_route=\/wp\/v2\/types\/product"}],"version-history":[{"count":2,"href":"https:\/\/mjimport.com.br\/index.php?rest_route=\/wp\/v2\/product\/30334\/revisions"}],"predecessor-version":[{"id":30337,"href":"https:\/\/mjimport.com.br\/index.php?rest_route=\/wp\/v2\/product\/30334\/revisions\/30337"}],"wp:featuredmedia":[{"embeddable":true,"href":"https:\/\/mjimport.com.br\/index.php?rest_route=\/wp\/v2\/media\/30335"}],"wp:attachment":[{"href":"https:\/\/mjimport.com.br\/index.php?rest_route=%2Fwp%2Fv2%2Fmedia&parent=30334"}],"wp:term":[{"taxonomy":"product_brand","embeddable":true,"href":"https:\/\/mjimport.com.br\/index.php?rest_route=%2Fwp%2Fv2%2Fproduct_brand&post=30334"},{"taxonomy":"product_cat","embeddable":true,"href":"https:\/\/mjimport.com.br\/index.php?rest_route=%2Fwp%2Fv2%2Fproduct_cat&post=30334"},{"taxonomy":"product_tag","embeddable":true,"href":"https:\/\/mjimport.com.br\/index.php?rest_route=%2Fwp%2Fv2%2Fproduct_tag&post=30334"}],"curies":[{"name":"wp","href":"https:\/\/api.w.org\/{rel}","templated":true}]}}