{"id":30350,"date":"2026-03-03T17:20:06","date_gmt":"2026-03-03T17:20:06","guid":{"rendered":"https:\/\/mjimport.com.br\/?post_type=product&#038;p=30350"},"modified":"2026-03-03T17:20:17","modified_gmt":"2026-03-03T17:20:17","slug":"caixa-de-som-peining-pei-274bt-40w-c-rgb","status":"publish","type":"product","link":"https:\/\/mjimport.com.br\/?product=caixa-de-som-peining-pei-274bt-40w-c-rgb","title":{"rendered":"CAIXA DE SOM PEINING PEI-274BT 40W C RGB"},"content":{"rendered":"","protected":false},"excerpt":{"rendered":"<p>CAIXA DE SOM PEINING PEI-274BT 40W C RGB<\/p>\n<p>MODELO: PEI-274BT<\/p>\n<p>40 W C RGB \/ BLUETOOTH 5.3 \/ DISTANCIA DE AT\u00c9 15 METROS (LIVRE DE OBSTACULO) \/ DURA\u00c7\u00c3O DE AT\u00c9 10 (COM VOLUME DE AT\u00c9 50% ) \/ USB \/ TF CARD (AT\u00c9 64GB ) CABO AUX \/ TWS \/ CARREGAMENTO VIA CABO TP C\u00a0 \/\u00a0 MATERIAL ABS+BORRACHA \/ DC5V-1A<\/p>\n","protected":false},"featured_media":30351,"template":"","meta":[],"product_brand":[],"product_cat":[79],"product_tag":[],"class_list":{"0":"post-30350","1":"product","2":"type-product","3":"status-publish","4":"has-post-thumbnail","6":"product_cat-caixa-de-som","8":"first","9":"instock","10":"sale","11":"virtual","12":"purchasable","13":"product-type-simple"},"_links":{"self":[{"href":"https:\/\/mjimport.com.br\/index.php?rest_route=\/wp\/v2\/product\/30350","targetHints":{"allow":["GET"]}}],"collection":[{"href":"https:\/\/mjimport.com.br\/index.php?rest_route=\/wp\/v2\/product"}],"about":[{"href":"https:\/\/mjimport.com.br\/index.php?rest_route=\/wp\/v2\/types\/product"}],"version-history":[{"count":1,"href":"https:\/\/mjimport.com.br\/index.php?rest_route=\/wp\/v2\/product\/30350\/revisions"}],"predecessor-version":[{"id":30353,"href":"https:\/\/mjimport.com.br\/index.php?rest_route=\/wp\/v2\/product\/30350\/revisions\/30353"}],"wp:featuredmedia":[{"embeddable":true,"href":"https:\/\/mjimport.com.br\/index.php?rest_route=\/wp\/v2\/media\/30351"}],"wp:attachment":[{"href":"https:\/\/mjimport.com.br\/index.php?rest_route=%2Fwp%2Fv2%2Fmedia&parent=30350"}],"wp:term":[{"taxonomy":"product_brand","embeddable":true,"href":"https:\/\/mjimport.com.br\/index.php?rest_route=%2Fwp%2Fv2%2Fproduct_brand&post=30350"},{"taxonomy":"product_cat","embeddable":true,"href":"https:\/\/mjimport.com.br\/index.php?rest_route=%2Fwp%2Fv2%2Fproduct_cat&post=30350"},{"taxonomy":"product_tag","embeddable":true,"href":"https:\/\/mjimport.com.br\/index.php?rest_route=%2Fwp%2Fv2%2Fproduct_tag&post=30350"}],"curies":[{"name":"wp","href":"https:\/\/api.w.org\/{rel}","templated":true}]}}