{"id":30569,"date":"2026-03-10T14:50:24","date_gmt":"2026-03-10T14:50:24","guid":{"rendered":"https:\/\/mjimport.com.br\/?post_type=product&#038;p=30569"},"modified":"2026-03-10T15:51:26","modified_gmt":"2026-03-10T15:51:26","slug":"fone-de-ouvido-pei-p9009-peining","status":"publish","type":"product","link":"https:\/\/mjimport.com.br\/?product=fone-de-ouvido-pei-p9009-peining","title":{"rendered":"FONE DE OUVIDO PEI-P9009 PEINING  (UNIDADE)"},"content":{"rendered":"","protected":false},"excerpt":{"rendered":"<p>FONE DE OUVIDO PEI-P9009 PEINING (UNIDADE)<\/p>\n<p>MODELO: PEI-P9009<\/p>\n<p>BLUETOOTH 5.3 \/ TWS \/ DURA\u00c7\u00c3O DOS FONES AT\u00c9 5 HORAS \/ DURA\u00c7A\u00d5 DO CASE 1 DIA \/ DISTANCIA DE ATE 10 METROS (LIVRES DE OBSTACULOS)\u00a0 \/ CARREGAMENTO DO CASE COM CABO TP C \/ DISPONIVEIS NAS CORES BRANCO &amp; PRETO (VERIFIQUE A DISPONIBILIDADE DAS CORES)<\/p>\n","protected":false},"featured_media":30570,"template":"","meta":[],"product_brand":[99],"product_cat":[78],"product_tag":[103],"class_list":{"0":"post-30569","1":"product","2":"type-product","3":"status-publish","4":"has-post-thumbnail","6":"product_brand-peining","7":"product_cat-fones","8":"product_tag-peining","10":"first","11":"instock","12":"sale","13":"virtual","14":"purchasable","15":"product-type-simple"},"_links":{"self":[{"href":"https:\/\/mjimport.com.br\/index.php?rest_route=\/wp\/v2\/product\/30569","targetHints":{"allow":["GET"]}}],"collection":[{"href":"https:\/\/mjimport.com.br\/index.php?rest_route=\/wp\/v2\/product"}],"about":[{"href":"https:\/\/mjimport.com.br\/index.php?rest_route=\/wp\/v2\/types\/product"}],"version-history":[{"count":3,"href":"https:\/\/mjimport.com.br\/index.php?rest_route=\/wp\/v2\/product\/30569\/revisions"}],"predecessor-version":[{"id":30594,"href":"https:\/\/mjimport.com.br\/index.php?rest_route=\/wp\/v2\/product\/30569\/revisions\/30594"}],"wp:featuredmedia":[{"embeddable":true,"href":"https:\/\/mjimport.com.br\/index.php?rest_route=\/wp\/v2\/media\/30570"}],"wp:attachment":[{"href":"https:\/\/mjimport.com.br\/index.php?rest_route=%2Fwp%2Fv2%2Fmedia&parent=30569"}],"wp:term":[{"taxonomy":"product_brand","embeddable":true,"href":"https:\/\/mjimport.com.br\/index.php?rest_route=%2Fwp%2Fv2%2Fproduct_brand&post=30569"},{"taxonomy":"product_cat","embeddable":true,"href":"https:\/\/mjimport.com.br\/index.php?rest_route=%2Fwp%2Fv2%2Fproduct_cat&post=30569"},{"taxonomy":"product_tag","embeddable":true,"href":"https:\/\/mjimport.com.br\/index.php?rest_route=%2Fwp%2Fv2%2Fproduct_tag&post=30569"}],"curies":[{"name":"wp","href":"https:\/\/api.w.org\/{rel}","templated":true}]}}