{"id":30587,"date":"2026-03-10T15:26:16","date_gmt":"2026-03-10T15:26:16","guid":{"rendered":"https:\/\/mjimport.com.br\/?post_type=product&#038;p=30587"},"modified":"2026-03-10T15:52:32","modified_gmt":"2026-03-10T15:52:32","slug":"fone-de-ouvido-pei-p1007-peining","status":"publish","type":"product","link":"https:\/\/mjimport.com.br\/?product=fone-de-ouvido-pei-p1007-peining","title":{"rendered":"FONE DE OUVIDO PEI-P1007 PEINING  (UNIDADE)"},"content":{"rendered":"","protected":false},"excerpt":{"rendered":"<p>FONE DE OUVIDO PEI-P1007 PEINING (UNIDADE)<\/p>\n<p>MODELO: PEI-P1007<\/p>\n<p>BLUETOOTH 6.0 \/ TWS \/ COM ANC \/ DURA\u00c7\u00c3O DOS FONES AT\u00c9 5 HORAS \/ DURA\u00c7\u00c3O DO CASE 1 DIA \/ DISTANCIA DE ATE 10 METROS (LIVRES DE OBSTACULOS)\u00a0 \/ CARREGAMENTO DO CASE COM CABO TP C \/ DISPONIVEIS NAS CORES BRANCO &amp; PRETO (VERIFIQUE A DISPONIBILIDADE DAS CORES)<\/p>\n","protected":false},"featured_media":30588,"template":"","meta":[],"product_brand":[99],"product_cat":[78],"product_tag":[],"class_list":{"0":"post-30587","1":"product","2":"type-product","3":"status-publish","4":"has-post-thumbnail","6":"product_brand-peining","7":"product_cat-fones","9":"first","10":"instock","11":"sale","12":"virtual","13":"purchasable","14":"product-type-simple"},"_links":{"self":[{"href":"https:\/\/mjimport.com.br\/index.php?rest_route=\/wp\/v2\/product\/30587","targetHints":{"allow":["GET"]}}],"collection":[{"href":"https:\/\/mjimport.com.br\/index.php?rest_route=\/wp\/v2\/product"}],"about":[{"href":"https:\/\/mjimport.com.br\/index.php?rest_route=\/wp\/v2\/types\/product"}],"version-history":[{"count":2,"href":"https:\/\/mjimport.com.br\/index.php?rest_route=\/wp\/v2\/product\/30587\/revisions"}],"predecessor-version":[{"id":30597,"href":"https:\/\/mjimport.com.br\/index.php?rest_route=\/wp\/v2\/product\/30587\/revisions\/30597"}],"wp:featuredmedia":[{"embeddable":true,"href":"https:\/\/mjimport.com.br\/index.php?rest_route=\/wp\/v2\/media\/30588"}],"wp:attachment":[{"href":"https:\/\/mjimport.com.br\/index.php?rest_route=%2Fwp%2Fv2%2Fmedia&parent=30587"}],"wp:term":[{"taxonomy":"product_brand","embeddable":true,"href":"https:\/\/mjimport.com.br\/index.php?rest_route=%2Fwp%2Fv2%2Fproduct_brand&post=30587"},{"taxonomy":"product_cat","embeddable":true,"href":"https:\/\/mjimport.com.br\/index.php?rest_route=%2Fwp%2Fv2%2Fproduct_cat&post=30587"},{"taxonomy":"product_tag","embeddable":true,"href":"https:\/\/mjimport.com.br\/index.php?rest_route=%2Fwp%2Fv2%2Fproduct_tag&post=30587"}],"curies":[{"name":"wp","href":"https:\/\/api.w.org\/{rel}","templated":true}]}}