{"id":30620,"date":"2026-03-10T17:08:07","date_gmt":"2026-03-10T17:08:07","guid":{"rendered":"https:\/\/mjimport.com.br\/?post_type=product&#038;p=30620"},"modified":"2026-03-11T16:20:14","modified_gmt":"2026-03-11T16:20:14","slug":"fone-de-ouvido-tg903-peining-unidade","status":"publish","type":"product","link":"https:\/\/mjimport.com.br\/?product=fone-de-ouvido-tg903-peining-unidade","title":{"rendered":"FONE DE OUVIDO TG903 PEINING (UNIDADE)"},"content":{"rendered":"","protected":false},"excerpt":{"rendered":"<p>FONE DE OUVIDO TG903 PEINING (UNIDADE)<\/p>\n<p>MODELO: PEI-TG903<\/p>\n<p>BLUETOOTH 5.1 + EDR\u00a0 \/ TWS \/ DURA\u00c7\u00c3O DOS FONES AT\u00c9 6 HORAS \/ DURA\u00c7\u00c3O DO CASE 1 DIA \/ DISTANCIA DE ATE 10 METROS (LIVRES DE OBSTACULOS)\u00a0 \/ CARREGAMENTO DO CASE COM CABO TP C- IP \/ MEMBRANA COMPOSTA \/ DISPONIVEL\u00a0 NA COR BRANCA &amp; PRETO (VERIFIQUE A DISPONIBILIDADE DAS CORES)<\/p>\n","protected":false},"featured_media":30621,"template":"","meta":[],"product_brand":[99],"product_cat":[78],"product_tag":[],"class_list":{"0":"post-30620","1":"product","2":"type-product","3":"status-publish","4":"has-post-thumbnail","6":"product_brand-peining","7":"product_cat-fones","9":"first","10":"instock","11":"sale","12":"virtual","13":"purchasable","14":"product-type-simple"},"_links":{"self":[{"href":"https:\/\/mjimport.com.br\/index.php?rest_route=\/wp\/v2\/product\/30620","targetHints":{"allow":["GET"]}}],"collection":[{"href":"https:\/\/mjimport.com.br\/index.php?rest_route=\/wp\/v2\/product"}],"about":[{"href":"https:\/\/mjimport.com.br\/index.php?rest_route=\/wp\/v2\/types\/product"}],"version-history":[{"count":2,"href":"https:\/\/mjimport.com.br\/index.php?rest_route=\/wp\/v2\/product\/30620\/revisions"}],"predecessor-version":[{"id":30625,"href":"https:\/\/mjimport.com.br\/index.php?rest_route=\/wp\/v2\/product\/30620\/revisions\/30625"}],"wp:featuredmedia":[{"embeddable":true,"href":"https:\/\/mjimport.com.br\/index.php?rest_route=\/wp\/v2\/media\/30621"}],"wp:attachment":[{"href":"https:\/\/mjimport.com.br\/index.php?rest_route=%2Fwp%2Fv2%2Fmedia&parent=30620"}],"wp:term":[{"taxonomy":"product_brand","embeddable":true,"href":"https:\/\/mjimport.com.br\/index.php?rest_route=%2Fwp%2Fv2%2Fproduct_brand&post=30620"},{"taxonomy":"product_cat","embeddable":true,"href":"https:\/\/mjimport.com.br\/index.php?rest_route=%2Fwp%2Fv2%2Fproduct_cat&post=30620"},{"taxonomy":"product_tag","embeddable":true,"href":"https:\/\/mjimport.com.br\/index.php?rest_route=%2Fwp%2Fv2%2Fproduct_tag&post=30620"}],"curies":[{"name":"wp","href":"https:\/\/api.w.org\/{rel}","templated":true}]}}