{"id":30636,"date":"2026-03-10T17:39:00","date_gmt":"2026-03-10T17:39:00","guid":{"rendered":"https:\/\/mjimport.com.br\/?post_type=product&#038;p=30636"},"modified":"2026-03-10T17:39:12","modified_gmt":"2026-03-10T17:39:12","slug":"fone-de-ouvido-pei-p620-peining-unidade","status":"publish","type":"product","link":"https:\/\/mjimport.com.br\/?product=fone-de-ouvido-pei-p620-peining-unidade","title":{"rendered":"FONE DE OUVIDO PEI-P620 PEINING (UNIDADE)"},"content":{"rendered":"","protected":false},"excerpt":{"rendered":"<p>FONE DE OUVIDO PEI-P620 PEINING (UNIDADE)<\/p>\n<p>MODELO: PEI-P620<\/p>\n<p>BLUETOOTH 5.0 + EDR\u00a0 \/ TWS \/ DURA\u00c7\u00c3O DOS FONES AT\u00c9 6 HORAS \/ DURA\u00c7\u00c3O DO CASE 1 DIA \/ DISTANCIA DE ATE 10 METROS (LIVRES DE OBSTACULOS)\u00a0 \/ CARREGAMENTO DO CASE COM CABO TP C \/ MEMBRANA COMPOSTA \/ DISPONIVEL\u00a0 NA COR BEGE &amp; PRETO &amp; BRANCA (VERIFIQUE A DISPONIBILIDADE) \/ COM CAPA PROTETORA<\/p>\n","protected":false},"featured_media":30637,"template":"","meta":[],"product_brand":[99],"product_cat":[78],"product_tag":[],"class_list":{"0":"post-30636","1":"product","2":"type-product","3":"status-publish","4":"has-post-thumbnail","6":"product_brand-peining","7":"product_cat-fones","9":"first","10":"instock","11":"sale","12":"virtual","13":"purchasable","14":"product-type-simple"},"_links":{"self":[{"href":"https:\/\/mjimport.com.br\/index.php?rest_route=\/wp\/v2\/product\/30636","targetHints":{"allow":["GET"]}}],"collection":[{"href":"https:\/\/mjimport.com.br\/index.php?rest_route=\/wp\/v2\/product"}],"about":[{"href":"https:\/\/mjimport.com.br\/index.php?rest_route=\/wp\/v2\/types\/product"}],"version-history":[{"count":2,"href":"https:\/\/mjimport.com.br\/index.php?rest_route=\/wp\/v2\/product\/30636\/revisions"}],"predecessor-version":[{"id":30640,"href":"https:\/\/mjimport.com.br\/index.php?rest_route=\/wp\/v2\/product\/30636\/revisions\/30640"}],"wp:featuredmedia":[{"embeddable":true,"href":"https:\/\/mjimport.com.br\/index.php?rest_route=\/wp\/v2\/media\/30637"}],"wp:attachment":[{"href":"https:\/\/mjimport.com.br\/index.php?rest_route=%2Fwp%2Fv2%2Fmedia&parent=30636"}],"wp:term":[{"taxonomy":"product_brand","embeddable":true,"href":"https:\/\/mjimport.com.br\/index.php?rest_route=%2Fwp%2Fv2%2Fproduct_brand&post=30636"},{"taxonomy":"product_cat","embeddable":true,"href":"https:\/\/mjimport.com.br\/index.php?rest_route=%2Fwp%2Fv2%2Fproduct_cat&post=30636"},{"taxonomy":"product_tag","embeddable":true,"href":"https:\/\/mjimport.com.br\/index.php?rest_route=%2Fwp%2Fv2%2Fproduct_tag&post=30636"}],"curies":[{"name":"wp","href":"https:\/\/api.w.org\/{rel}","templated":true}]}}