{"id":30794,"date":"2026-03-12T15:25:55","date_gmt":"2026-03-12T15:25:55","guid":{"rendered":"https:\/\/mjimport.com.br\/?post_type=product&#038;p=30794"},"modified":"2026-03-12T15:26:05","modified_gmt":"2026-03-12T15:26:05","slug":"fone-de-ouvido-pei-p666-peining","status":"publish","type":"product","link":"https:\/\/mjimport.com.br\/?product=fone-de-ouvido-pei-p666-peining","title":{"rendered":"FONE DE OUVIDO PEI-P666\u00a0 PEINING"},"content":{"rendered":"","protected":false},"excerpt":{"rendered":"<p>FONE DE OUVIDO PEI-P666\u00a0 PEINING<\/p>\n<p>MODELO: PEI-P666<\/p>\n<p>COM MOSTRADOR DIGITAL\u00a0 \/ CONTROLE DE MUSICA \/ CANCELAMENTO DE \u00a0RU\u00cdDO \/ EQUALIZADOR \/ BLUETOOTH 5.3 \/ AT\u00c9 6 HORAS DE DURA\u00c7\u00c3O\u00a0 \/ CASE RECARREGAVEL \/ PREMIUM DEEP BASS<\/p>\n","protected":false},"featured_media":30795,"template":"","meta":[],"product_brand":[99],"product_cat":[78],"product_tag":[102,103],"class_list":{"0":"post-30794","1":"product","2":"type-product","3":"status-publish","4":"has-post-thumbnail","6":"product_brand-peining","7":"product_cat-fones","8":"product_tag-fones","9":"product_tag-peining","11":"first","12":"instock","13":"sale","14":"virtual","15":"purchasable","16":"product-type-simple"},"_links":{"self":[{"href":"https:\/\/mjimport.com.br\/index.php?rest_route=\/wp\/v2\/product\/30794","targetHints":{"allow":["GET"]}}],"collection":[{"href":"https:\/\/mjimport.com.br\/index.php?rest_route=\/wp\/v2\/product"}],"about":[{"href":"https:\/\/mjimport.com.br\/index.php?rest_route=\/wp\/v2\/types\/product"}],"version-history":[{"count":2,"href":"https:\/\/mjimport.com.br\/index.php?rest_route=\/wp\/v2\/product\/30794\/revisions"}],"predecessor-version":[{"id":30798,"href":"https:\/\/mjimport.com.br\/index.php?rest_route=\/wp\/v2\/product\/30794\/revisions\/30798"}],"wp:featuredmedia":[{"embeddable":true,"href":"https:\/\/mjimport.com.br\/index.php?rest_route=\/wp\/v2\/media\/30795"}],"wp:attachment":[{"href":"https:\/\/mjimport.com.br\/index.php?rest_route=%2Fwp%2Fv2%2Fmedia&parent=30794"}],"wp:term":[{"taxonomy":"product_brand","embeddable":true,"href":"https:\/\/mjimport.com.br\/index.php?rest_route=%2Fwp%2Fv2%2Fproduct_brand&post=30794"},{"taxonomy":"product_cat","embeddable":true,"href":"https:\/\/mjimport.com.br\/index.php?rest_route=%2Fwp%2Fv2%2Fproduct_cat&post=30794"},{"taxonomy":"product_tag","embeddable":true,"href":"https:\/\/mjimport.com.br\/index.php?rest_route=%2Fwp%2Fv2%2Fproduct_tag&post=30794"}],"curies":[{"name":"wp","href":"https:\/\/api.w.org\/{rel}","templated":true}]}}