{"id":30828,"date":"2026-03-12T16:50:27","date_gmt":"2026-03-12T16:50:27","guid":{"rendered":"https:\/\/mjimport.com.br\/?post_type=product&#038;p=30828"},"modified":"2026-03-12T16:50:40","modified_gmt":"2026-03-12T16:50:40","slug":"fone-de-ouvido-pei-p228-peining-unidade","status":"publish","type":"product","link":"https:\/\/mjimport.com.br\/?product=fone-de-ouvido-pei-p228-peining-unidade","title":{"rendered":"FONE DE OUVIDO PEI-P228 PEINING (UNIDADE)"},"content":{"rendered":"","protected":false},"excerpt":{"rendered":"<p>FONE DE OUVIDO PEI-P228 PEINING (UNIDADE)<\/p>\n<p>MODELO: PEI-P228<\/p>\n<p>BLUETOOTH 5.3 \/ DURA\u00c7\u00c3O DOS FONES AT\u00c9 6 HORAS \/ DURA\u00c7\u00c3O DO CASE 1 DIA \/ DISTANCIA DE ATE 10 METROS (LIVRES DE OBSTACULOS)\u00a0 \/ CARREGAMENTO DO CASE COM CABO TP C \/ TENS\u00c3O 3.7V \/ VERIFIQUE A DISPONIBILIDADE DAS CORES \/ ALTO FALANTE DE MEMBRANA COMPOSTA<\/p>\n","protected":false},"featured_media":30829,"template":"","meta":[],"product_brand":[99],"product_cat":[78],"product_tag":[102,103],"class_list":{"0":"post-30828","1":"product","2":"type-product","3":"status-publish","4":"has-post-thumbnail","6":"product_brand-peining","7":"product_cat-fones","8":"product_tag-fones","9":"product_tag-peining","11":"first","12":"instock","13":"sale","14":"virtual","15":"purchasable","16":"product-type-simple"},"_links":{"self":[{"href":"https:\/\/mjimport.com.br\/index.php?rest_route=\/wp\/v2\/product\/30828","targetHints":{"allow":["GET"]}}],"collection":[{"href":"https:\/\/mjimport.com.br\/index.php?rest_route=\/wp\/v2\/product"}],"about":[{"href":"https:\/\/mjimport.com.br\/index.php?rest_route=\/wp\/v2\/types\/product"}],"version-history":[{"count":2,"href":"https:\/\/mjimport.com.br\/index.php?rest_route=\/wp\/v2\/product\/30828\/revisions"}],"predecessor-version":[{"id":30832,"href":"https:\/\/mjimport.com.br\/index.php?rest_route=\/wp\/v2\/product\/30828\/revisions\/30832"}],"wp:featuredmedia":[{"embeddable":true,"href":"https:\/\/mjimport.com.br\/index.php?rest_route=\/wp\/v2\/media\/30829"}],"wp:attachment":[{"href":"https:\/\/mjimport.com.br\/index.php?rest_route=%2Fwp%2Fv2%2Fmedia&parent=30828"}],"wp:term":[{"taxonomy":"product_brand","embeddable":true,"href":"https:\/\/mjimport.com.br\/index.php?rest_route=%2Fwp%2Fv2%2Fproduct_brand&post=30828"},{"taxonomy":"product_cat","embeddable":true,"href":"https:\/\/mjimport.com.br\/index.php?rest_route=%2Fwp%2Fv2%2Fproduct_cat&post=30828"},{"taxonomy":"product_tag","embeddable":true,"href":"https:\/\/mjimport.com.br\/index.php?rest_route=%2Fwp%2Fv2%2Fproduct_tag&post=30828"}],"curies":[{"name":"wp","href":"https:\/\/api.w.org\/{rel}","templated":true}]}}