{"id":31252,"date":"2026-03-16T16:46:02","date_gmt":"2026-03-16T16:46:02","guid":{"rendered":"https:\/\/mjimport.com.br\/?post_type=product&#038;p=31252"},"modified":"2026-03-16T16:46:37","modified_gmt":"2026-03-16T16:46:37","slug":"mouse-optico-pei-jt18-peining-com-fio","status":"publish","type":"product","link":"https:\/\/mjimport.com.br\/?product=mouse-optico-pei-jt18-peining-com-fio","title":{"rendered":"MOUSE OPTICO PEI-JT718 PEINING COM FIO"},"content":{"rendered":"","protected":false},"excerpt":{"rendered":"<p>MOUSE OPTICO PEI-JT718 PEINING COM FIO<\/p>\n<p>MODELO: PEI-JT718<\/p>\n<p>DESIGN ERGONOMICO \/ ALECERARA\u00c7\u00c3O\u00a0 66G \/ LOCALIZA\u00c7\u00c3\u00d5 24CM\u00a0 \/ FIO\u00a0 \/ 3 BUTTONS\u00a0 \/ 1600DPI<\/p>\n<p>&nbsp;<\/p>\n","protected":false},"featured_media":31253,"template":"","meta":[],"product_brand":[99],"product_cat":[108],"product_tag":[109,103],"class_list":{"0":"post-31252","1":"product","2":"type-product","3":"status-publish","4":"has-post-thumbnail","6":"product_brand-peining","7":"product_cat-tecladomouse","8":"product_tag-mouse","9":"product_tag-peining","11":"first","12":"instock","13":"sale","14":"virtual","15":"purchasable","16":"product-type-simple"},"_links":{"self":[{"href":"https:\/\/mjimport.com.br\/index.php?rest_route=\/wp\/v2\/product\/31252","targetHints":{"allow":["GET"]}}],"collection":[{"href":"https:\/\/mjimport.com.br\/index.php?rest_route=\/wp\/v2\/product"}],"about":[{"href":"https:\/\/mjimport.com.br\/index.php?rest_route=\/wp\/v2\/types\/product"}],"version-history":[{"count":2,"href":"https:\/\/mjimport.com.br\/index.php?rest_route=\/wp\/v2\/product\/31252\/revisions"}],"predecessor-version":[{"id":31256,"href":"https:\/\/mjimport.com.br\/index.php?rest_route=\/wp\/v2\/product\/31252\/revisions\/31256"}],"wp:featuredmedia":[{"embeddable":true,"href":"https:\/\/mjimport.com.br\/index.php?rest_route=\/wp\/v2\/media\/31253"}],"wp:attachment":[{"href":"https:\/\/mjimport.com.br\/index.php?rest_route=%2Fwp%2Fv2%2Fmedia&parent=31252"}],"wp:term":[{"taxonomy":"product_brand","embeddable":true,"href":"https:\/\/mjimport.com.br\/index.php?rest_route=%2Fwp%2Fv2%2Fproduct_brand&post=31252"},{"taxonomy":"product_cat","embeddable":true,"href":"https:\/\/mjimport.com.br\/index.php?rest_route=%2Fwp%2Fv2%2Fproduct_cat&post=31252"},{"taxonomy":"product_tag","embeddable":true,"href":"https:\/\/mjimport.com.br\/index.php?rest_route=%2Fwp%2Fv2%2Fproduct_tag&post=31252"}],"curies":[{"name":"wp","href":"https:\/\/api.w.org\/{rel}","templated":true}]}}