{"id":31257,"date":"2026-03-16T16:48:59","date_gmt":"2026-03-16T16:48:59","guid":{"rendered":"https:\/\/mjimport.com.br\/?post_type=product&#038;p=31257"},"modified":"2026-03-16T16:49:09","modified_gmt":"2026-03-16T16:49:09","slug":"mouse-optico-pei-jt715-peining-com-fio","status":"publish","type":"product","link":"https:\/\/mjimport.com.br\/?product=mouse-optico-pei-jt715-peining-com-fio","title":{"rendered":"MOUSE OPTICO PEI-JT715 PEINING COM FIO"},"content":{"rendered":"","protected":false},"excerpt":{"rendered":"<p>MOUSE OPTICO PEI-JT715 PEINING COM FIO<\/p>\n<p>MODELO: PEI-JT715<\/p>\n<p>DESIGN ERGONOMICO \/ ALECERARA\u00c7\u00c3O\u00a0 66G \/ LOCALIZA\u00c7\u00c3\u00d5 24CM\u00a0 \/ FIO\u00a0 \/ 3 BUTTONS\u00a0 \/ 1600DPI<\/p>\n","protected":false},"featured_media":31258,"template":"","meta":[],"product_brand":[99],"product_cat":[108],"product_tag":[109],"class_list":{"0":"post-31257","1":"product","2":"type-product","3":"status-publish","4":"has-post-thumbnail","6":"product_brand-peining","7":"product_cat-tecladomouse","8":"product_tag-mouse","10":"first","11":"instock","12":"sale","13":"virtual","14":"purchasable","15":"product-type-simple"},"_links":{"self":[{"href":"https:\/\/mjimport.com.br\/index.php?rest_route=\/wp\/v2\/product\/31257","targetHints":{"allow":["GET"]}}],"collection":[{"href":"https:\/\/mjimport.com.br\/index.php?rest_route=\/wp\/v2\/product"}],"about":[{"href":"https:\/\/mjimport.com.br\/index.php?rest_route=\/wp\/v2\/types\/product"}],"version-history":[{"count":2,"href":"https:\/\/mjimport.com.br\/index.php?rest_route=\/wp\/v2\/product\/31257\/revisions"}],"predecessor-version":[{"id":31260,"href":"https:\/\/mjimport.com.br\/index.php?rest_route=\/wp\/v2\/product\/31257\/revisions\/31260"}],"wp:featuredmedia":[{"embeddable":true,"href":"https:\/\/mjimport.com.br\/index.php?rest_route=\/wp\/v2\/media\/31258"}],"wp:attachment":[{"href":"https:\/\/mjimport.com.br\/index.php?rest_route=%2Fwp%2Fv2%2Fmedia&parent=31257"}],"wp:term":[{"taxonomy":"product_brand","embeddable":true,"href":"https:\/\/mjimport.com.br\/index.php?rest_route=%2Fwp%2Fv2%2Fproduct_brand&post=31257"},{"taxonomy":"product_cat","embeddable":true,"href":"https:\/\/mjimport.com.br\/index.php?rest_route=%2Fwp%2Fv2%2Fproduct_cat&post=31257"},{"taxonomy":"product_tag","embeddable":true,"href":"https:\/\/mjimport.com.br\/index.php?rest_route=%2Fwp%2Fv2%2Fproduct_tag&post=31257"}],"curies":[{"name":"wp","href":"https:\/\/api.w.org\/{rel}","templated":true}]}}