{"id":31533,"date":"2026-03-20T20:23:04","date_gmt":"2026-03-20T20:23:04","guid":{"rendered":"https:\/\/mjimport.com.br\/?post_type=product&#038;p=31533"},"modified":"2026-03-20T20:23:16","modified_gmt":"2026-03-20T20:23:16","slug":"carregador-de-inducao-pei-ws024-peining","status":"publish","type":"product","link":"https:\/\/mjimport.com.br\/?product=carregador-de-inducao-pei-ws024-peining","title":{"rendered":"CARREGADOR DE INDU\u00c7\u00c3O PEI-WS024 PEINING"},"content":{"rendered":"","protected":false},"excerpt":{"rendered":"<p>CARREGADOR DE INDU\u00c7\u00c3O PEI-WS024 PEINING<\/p>\n<p>MODELO: PEI-WS024<\/p>\n<p>MODELO INDU\u00c7\u00c3O 3 EM 1 \/ FONE &#8211; RELOGIO &#8211; CELULAR\u00a0 \/ LIGADO DIRETAMENTE NA TOMADA \/ MATERIAL ABS \/ SAIDA 15W \/ VOLTAGEM 12 V<\/p>\n","protected":false},"featured_media":31534,"template":"","meta":[],"product_brand":[99],"product_cat":[82],"product_tag":[113,103],"class_list":{"0":"post-31533","1":"product","2":"type-product","3":"status-publish","4":"has-post-thumbnail","6":"product_brand-peining","7":"product_cat-power-bank","8":"product_tag-carregador3em1","9":"product_tag-peining","11":"first","12":"instock","13":"sale","14":"virtual","15":"purchasable","16":"product-type-simple"},"_links":{"self":[{"href":"https:\/\/mjimport.com.br\/index.php?rest_route=\/wp\/v2\/product\/31533","targetHints":{"allow":["GET"]}}],"collection":[{"href":"https:\/\/mjimport.com.br\/index.php?rest_route=\/wp\/v2\/product"}],"about":[{"href":"https:\/\/mjimport.com.br\/index.php?rest_route=\/wp\/v2\/types\/product"}],"version-history":[{"count":1,"href":"https:\/\/mjimport.com.br\/index.php?rest_route=\/wp\/v2\/product\/31533\/revisions"}],"predecessor-version":[{"id":31536,"href":"https:\/\/mjimport.com.br\/index.php?rest_route=\/wp\/v2\/product\/31533\/revisions\/31536"}],"wp:featuredmedia":[{"embeddable":true,"href":"https:\/\/mjimport.com.br\/index.php?rest_route=\/wp\/v2\/media\/31534"}],"wp:attachment":[{"href":"https:\/\/mjimport.com.br\/index.php?rest_route=%2Fwp%2Fv2%2Fmedia&parent=31533"}],"wp:term":[{"taxonomy":"product_brand","embeddable":true,"href":"https:\/\/mjimport.com.br\/index.php?rest_route=%2Fwp%2Fv2%2Fproduct_brand&post=31533"},{"taxonomy":"product_cat","embeddable":true,"href":"https:\/\/mjimport.com.br\/index.php?rest_route=%2Fwp%2Fv2%2Fproduct_cat&post=31533"},{"taxonomy":"product_tag","embeddable":true,"href":"https:\/\/mjimport.com.br\/index.php?rest_route=%2Fwp%2Fv2%2Fproduct_tag&post=31533"}],"curies":[{"name":"wp","href":"https:\/\/api.w.org\/{rel}","templated":true}]}}