{"id":31547,"date":"2026-03-21T13:25:51","date_gmt":"2026-03-21T13:25:51","guid":{"rendered":"https:\/\/mjimport.com.br\/?post_type=product&#038;p=31547"},"modified":"2026-03-21T13:26:01","modified_gmt":"2026-03-21T13:26:01","slug":"carregador-de-inducao-pei-wc54-peining","status":"publish","type":"product","link":"https:\/\/mjimport.com.br\/?product=carregador-de-inducao-pei-wc54-peining","title":{"rendered":"CARREGADOR DE INDU\u00c7\u00c3O PEI-WC54 PEINING"},"content":{"rendered":"","protected":false},"excerpt":{"rendered":"<p>CARREGADOR DE INDU\u00c7\u00c3O PEI-WC54 PEINING<\/p>\n<p>MODELO: PEI-WC54<\/p>\n<p>CARREGADOR RAPIDO SEM FIO\u00a0 \/ LIGADO DIRETAMENTE NA TOMADA \/ MATERIAL ABS \/ SAIDA 15W \/ VOLTAGEM 9 V<\/p>\n","protected":false},"featured_media":31548,"template":"","meta":[],"product_brand":[99],"product_cat":[82],"product_tag":[103],"class_list":{"0":"post-31547","1":"product","2":"type-product","3":"status-publish","4":"has-post-thumbnail","6":"product_brand-peining","7":"product_cat-power-bank","8":"product_tag-peining","10":"first","11":"instock","12":"sale","13":"virtual","14":"purchasable","15":"product-type-simple"},"_links":{"self":[{"href":"https:\/\/mjimport.com.br\/index.php?rest_route=\/wp\/v2\/product\/31547","targetHints":{"allow":["GET"]}}],"collection":[{"href":"https:\/\/mjimport.com.br\/index.php?rest_route=\/wp\/v2\/product"}],"about":[{"href":"https:\/\/mjimport.com.br\/index.php?rest_route=\/wp\/v2\/types\/product"}],"version-history":[{"count":2,"href":"https:\/\/mjimport.com.br\/index.php?rest_route=\/wp\/v2\/product\/31547\/revisions"}],"predecessor-version":[{"id":31551,"href":"https:\/\/mjimport.com.br\/index.php?rest_route=\/wp\/v2\/product\/31547\/revisions\/31551"}],"wp:featuredmedia":[{"embeddable":true,"href":"https:\/\/mjimport.com.br\/index.php?rest_route=\/wp\/v2\/media\/31548"}],"wp:attachment":[{"href":"https:\/\/mjimport.com.br\/index.php?rest_route=%2Fwp%2Fv2%2Fmedia&parent=31547"}],"wp:term":[{"taxonomy":"product_brand","embeddable":true,"href":"https:\/\/mjimport.com.br\/index.php?rest_route=%2Fwp%2Fv2%2Fproduct_brand&post=31547"},{"taxonomy":"product_cat","embeddable":true,"href":"https:\/\/mjimport.com.br\/index.php?rest_route=%2Fwp%2Fv2%2Fproduct_cat&post=31547"},{"taxonomy":"product_tag","embeddable":true,"href":"https:\/\/mjimport.com.br\/index.php?rest_route=%2Fwp%2Fv2%2Fproduct_tag&post=31547"}],"curies":[{"name":"wp","href":"https:\/\/api.w.org\/{rel}","templated":true}]}}