{"id":31777,"date":"2026-03-23T19:59:14","date_gmt":"2026-03-23T19:59:14","guid":{"rendered":"https:\/\/mjimport.com.br\/?post_type=product&#038;p=31777"},"modified":"2026-03-23T19:59:14","modified_gmt":"2026-03-23T19:59:14","slug":"bolsa-para-leptop-pei-bag07-peining","status":"publish","type":"product","link":"https:\/\/mjimport.com.br\/?product=bolsa-para-leptop-pei-bag07-peining","title":{"rendered":"BOLSA PARA LEPTOP PEI-BAG07 PEINING"},"content":{"rendered":"","protected":false},"excerpt":{"rendered":"<p>BOLSA PARA LEPTOP PEI-BAG07 PEINING<\/p>\n<p>MODELO: PEI-BAG07<\/p>\n<p>13~14 P<\/p>\n<p>Almofada de algod\u00e3o especial para prote\u00e7\u00e3o, proporciona ajuste perfeito e seguran\u00e7a extra para seu dispositivo, absorvendo impactos e protegendo contra quedas<\/p>\n<p>Compartilhamento externo duplo de f\u00e1cil acesso<\/p>\n<p>Tecido repelente \u00e0 \u00e1gua: protege seu laptop e acess\u00f3rios contra respingos e umidade<\/p>\n<p>Z\u00edper resistente e suave, f\u00e1cil de puxar, dur\u00e1vel e projetado para n\u00e3o se danificar com facilidade<\/p>\n","protected":false},"featured_media":31778,"template":"","meta":[],"product_brand":[99],"product_cat":[114],"product_tag":[115,103],"class_list":{"0":"post-31777","1":"product","2":"type-product","3":"status-publish","4":"has-post-thumbnail","6":"product_brand-peining","7":"product_cat-bolsascapas","8":"product_tag-bolsas","9":"product_tag-peining","11":"first","12":"instock","13":"sale","14":"virtual","15":"purchasable","16":"product-type-simple"},"_links":{"self":[{"href":"https:\/\/mjimport.com.br\/index.php?rest_route=\/wp\/v2\/product\/31777","targetHints":{"allow":["GET"]}}],"collection":[{"href":"https:\/\/mjimport.com.br\/index.php?rest_route=\/wp\/v2\/product"}],"about":[{"href":"https:\/\/mjimport.com.br\/index.php?rest_route=\/wp\/v2\/types\/product"}],"version-history":[{"count":2,"href":"https:\/\/mjimport.com.br\/index.php?rest_route=\/wp\/v2\/product\/31777\/revisions"}],"predecessor-version":[{"id":31781,"href":"https:\/\/mjimport.com.br\/index.php?rest_route=\/wp\/v2\/product\/31777\/revisions\/31781"}],"wp:featuredmedia":[{"embeddable":true,"href":"https:\/\/mjimport.com.br\/index.php?rest_route=\/wp\/v2\/media\/31778"}],"wp:attachment":[{"href":"https:\/\/mjimport.com.br\/index.php?rest_route=%2Fwp%2Fv2%2Fmedia&parent=31777"}],"wp:term":[{"taxonomy":"product_brand","embeddable":true,"href":"https:\/\/mjimport.com.br\/index.php?rest_route=%2Fwp%2Fv2%2Fproduct_brand&post=31777"},{"taxonomy":"product_cat","embeddable":true,"href":"https:\/\/mjimport.com.br\/index.php?rest_route=%2Fwp%2Fv2%2Fproduct_cat&post=31777"},{"taxonomy":"product_tag","embeddable":true,"href":"https:\/\/mjimport.com.br\/index.php?rest_route=%2Fwp%2Fv2%2Fproduct_tag&post=31777"}],"curies":[{"name":"wp","href":"https:\/\/api.w.org\/{rel}","templated":true}]}}