{"id":32054,"date":"2026-03-27T20:25:51","date_gmt":"2026-03-27T20:25:51","guid":{"rendered":"https:\/\/mjimport.com.br\/?post_type=product&#038;p=32054"},"modified":"2026-03-27T20:25:51","modified_gmt":"2026-03-27T20:25:51","slug":"fonte-de-alimentacao-pei-j371-peining","status":"publish","type":"product","link":"https:\/\/mjimport.com.br\/?product=fonte-de-alimentacao-pei-j371-peining","title":{"rendered":"FONTE DE ALIMENTA\u00c7\u00c3O PEI-J371 PEINING"},"content":{"rendered":"","protected":false},"excerpt":{"rendered":"<p>FONTE DE ALIMENTA\u00c7\u00c3O PEI-J371 PEINING<\/p>\n<p>MODELO: PEI-J371<\/p>\n<p>ENTRADA 100V &#8211; 240 V \/ SAIDA 3 &#8211; 4.5 &#8211; 6 &#8211; 7.5 &#8211; 9 &#8211; 12 V DC \/ POTENCIA 30W \/ 3.0 A \/ 6 PLUGS<\/p>\n","protected":false},"featured_media":32055,"template":"","meta":[],"product_brand":[99],"product_cat":[128],"product_tag":[],"class_list":{"0":"post-32054","1":"product","2":"type-product","3":"status-publish","4":"has-post-thumbnail","6":"product_brand-peining","7":"product_cat-fonte-de-alimentacao","9":"first","10":"instock","11":"sale","12":"virtual","13":"purchasable","14":"product-type-simple"},"_links":{"self":[{"href":"https:\/\/mjimport.com.br\/index.php?rest_route=\/wp\/v2\/product\/32054","targetHints":{"allow":["GET"]}}],"collection":[{"href":"https:\/\/mjimport.com.br\/index.php?rest_route=\/wp\/v2\/product"}],"about":[{"href":"https:\/\/mjimport.com.br\/index.php?rest_route=\/wp\/v2\/types\/product"}],"version-history":[{"count":2,"href":"https:\/\/mjimport.com.br\/index.php?rest_route=\/wp\/v2\/product\/32054\/revisions"}],"predecessor-version":[{"id":32058,"href":"https:\/\/mjimport.com.br\/index.php?rest_route=\/wp\/v2\/product\/32054\/revisions\/32058"}],"wp:featuredmedia":[{"embeddable":true,"href":"https:\/\/mjimport.com.br\/index.php?rest_route=\/wp\/v2\/media\/32055"}],"wp:attachment":[{"href":"https:\/\/mjimport.com.br\/index.php?rest_route=%2Fwp%2Fv2%2Fmedia&parent=32054"}],"wp:term":[{"taxonomy":"product_brand","embeddable":true,"href":"https:\/\/mjimport.com.br\/index.php?rest_route=%2Fwp%2Fv2%2Fproduct_brand&post=32054"},{"taxonomy":"product_cat","embeddable":true,"href":"https:\/\/mjimport.com.br\/index.php?rest_route=%2Fwp%2Fv2%2Fproduct_cat&post=32054"},{"taxonomy":"product_tag","embeddable":true,"href":"https:\/\/mjimport.com.br\/index.php?rest_route=%2Fwp%2Fv2%2Fproduct_tag&post=32054"}],"curies":[{"name":"wp","href":"https:\/\/api.w.org\/{rel}","templated":true}]}}