{"id":32167,"date":"2026-03-30T17:11:10","date_gmt":"2026-03-30T17:11:10","guid":{"rendered":"https:\/\/mjimport.com.br\/?post_type=product&#038;p=32167"},"modified":"2026-03-30T17:11:11","modified_gmt":"2026-03-30T17:11:11","slug":"maquina-de-acabamentos-profissional-oiv-188-vgr-oi-vida","status":"publish","type":"product","link":"https:\/\/mjimport.com.br\/?product=maquina-de-acabamentos-profissional-oiv-188-vgr-oi-vida","title":{"rendered":"M\u00e1quina de Acabamentos Profissional OIV-188 | VGR \u00ae OI VIDA"},"content":{"rendered":"","protected":false},"excerpt":{"rendered":"<h1 class=\"elementor-heading-title elementor-size-default\">M\u00e1quina de Acabamentos Profissional OIV-188 | VGR \u00ae OI VIDA<\/h1>\n<div class=\"elementor-element elementor-element-805202b txt-justify elementor-widget elementor-widget-theme-post-content\" data-id=\"805202b\" data-element_type=\"widget\" data-e-type=\"widget\" data-widget_type=\"theme-post-content.default\">\n<div class=\"elementor-widget-container\">\n<p class=\"\"><strong>Especifica\u00e7\u00e3o:<\/strong><\/p>\n<ul class=\"wp-block-list\">\n<li class=\"\">Modelo: OIV-188<\/li>\n<li class=\"\">Voltagem: DC5V<\/li>\n<li class=\"\">Corrente: 1A<\/li>\n<li class=\"\">Bateria de L\u00edtio 1400mAh<\/li>\n<li class=\"\">Recarga: 2.5h<\/li>\n<li class=\"\">LED indicador de bateria<\/li>\n<li class=\"\">L\u00e2minas de a\u00e7o inoxid\u00e1vel<\/li>\n<li class=\"\">+6.000 RPM<\/li>\n<\/ul>\n<\/div>\n<\/div>\n<div class=\"elementor-element elementor-element-e521fba elementor-widget elementor-widget-jet-listing-dynamic-field\" data-id=\"e521fba\" data-element_type=\"widget\" data-e-type=\"widget\" data-widget_type=\"jet-listing-dynamic-field.default\">\n<div class=\"elementor-widget-container\">\n<div class=\"jet-listing jet-listing-dynamic-field display-inline\">\n<div class=\"jet-listing-dynamic-field__inline-wrap\">\n<div class=\"jet-listing-dynamic-field__content\"><strong>Itens na caixa<\/strong>:<\/p>\n<ul>\n<li>1 * M\u00e1quina\u00a0\u00a0OIV-188<\/li>\n<li>1 * Protetor de l\u00e2mina<\/li>\n<li>3 * Pentes<\/li>\n<li>1 * Cabo carregador usb<\/li>\n<li>1 * Pincel de limpeza<\/li>\n<li>1 * Manual de instru\u00e7\u00f5es<\/li>\n<\/ul>\n<\/div>\n<\/div>\n<\/div>\n<\/div>\n<\/div>\n","protected":false},"featured_media":32168,"template":"","meta":[],"product_brand":[126],"product_cat":[84],"product_tag":[133],"class_list":{"0":"post-32167","1":"product","2":"type-product","3":"status-publish","4":"has-post-thumbnail","6":"product_brand-oi-vida","7":"product_cat-maquinas","8":"product_tag-maquinasdecorte","10":"first","11":"instock","12":"sale","13":"virtual","14":"purchasable","15":"product-type-simple"},"_links":{"self":[{"href":"https:\/\/mjimport.com.br\/index.php?rest_route=\/wp\/v2\/product\/32167","targetHints":{"allow":["GET"]}}],"collection":[{"href":"https:\/\/mjimport.com.br\/index.php?rest_route=\/wp\/v2\/product"}],"about":[{"href":"https:\/\/mjimport.com.br\/index.php?rest_route=\/wp\/v2\/types\/product"}],"version-history":[{"count":2,"href":"https:\/\/mjimport.com.br\/index.php?rest_route=\/wp\/v2\/product\/32167\/revisions"}],"predecessor-version":[{"id":32171,"href":"https:\/\/mjimport.com.br\/index.php?rest_route=\/wp\/v2\/product\/32167\/revisions\/32171"}],"wp:featuredmedia":[{"embeddable":true,"href":"https:\/\/mjimport.com.br\/index.php?rest_route=\/wp\/v2\/media\/32168"}],"wp:attachment":[{"href":"https:\/\/mjimport.com.br\/index.php?rest_route=%2Fwp%2Fv2%2Fmedia&parent=32167"}],"wp:term":[{"taxonomy":"product_brand","embeddable":true,"href":"https:\/\/mjimport.com.br\/index.php?rest_route=%2Fwp%2Fv2%2Fproduct_brand&post=32167"},{"taxonomy":"product_cat","embeddable":true,"href":"https:\/\/mjimport.com.br\/index.php?rest_route=%2Fwp%2Fv2%2Fproduct_cat&post=32167"},{"taxonomy":"product_tag","embeddable":true,"href":"https:\/\/mjimport.com.br\/index.php?rest_route=%2Fwp%2Fv2%2Fproduct_tag&post=32167"}],"curies":[{"name":"wp","href":"https:\/\/api.w.org\/{rel}","templated":true}]}}