{"id":32322,"date":"2026-04-01T13:20:36","date_gmt":"2026-04-01T13:20:36","guid":{"rendered":"https:\/\/mjimport.com.br\/?post_type=product&#038;p=32322"},"modified":"2026-04-01T13:20:41","modified_gmt":"2026-04-01T13:20:41","slug":"secador-de-cabelo-mse-2700a-profissional-tomate","status":"publish","type":"product","link":"https:\/\/mjimport.com.br\/?product=secador-de-cabelo-mse-2700a-profissional-tomate","title":{"rendered":"SECADOR DE CABELO MSE-2700A PROFISSIONAL TOMATE"},"content":{"rendered":"","protected":false},"excerpt":{"rendered":"<p><strong>SECADOR DE CABELO MSE-2700A PROFISSIONAL TOMATE<\/strong><\/p>\n<p>MODELO: MSE-2700A<\/p>\n<p>1500 WATTS<\/p>\n<p>127 V<\/p>\n<p>AJUSTE TEMPERATURA<\/p>\n<p>FUN\u00c7\u00c3O DE i\u00d2N NEGATIVA<\/p>\n<p>50 \/ 60 HZ<\/p>\n<p>&nbsp;<\/p>\n","protected":false},"featured_media":32323,"template":"","meta":[],"product_brand":[104],"product_cat":[84],"product_tag":[134],"class_list":{"0":"post-32322","1":"product","2":"type-product","3":"status-publish","4":"has-post-thumbnail","6":"product_brand-tomate","7":"product_cat-maquinas","8":"product_tag-secadordecabelo","10":"first","11":"instock","12":"sale","13":"virtual","14":"purchasable","15":"product-type-simple"},"_links":{"self":[{"href":"https:\/\/mjimport.com.br\/index.php?rest_route=\/wp\/v2\/product\/32322","targetHints":{"allow":["GET"]}}],"collection":[{"href":"https:\/\/mjimport.com.br\/index.php?rest_route=\/wp\/v2\/product"}],"about":[{"href":"https:\/\/mjimport.com.br\/index.php?rest_route=\/wp\/v2\/types\/product"}],"version-history":[{"count":2,"href":"https:\/\/mjimport.com.br\/index.php?rest_route=\/wp\/v2\/product\/32322\/revisions"}],"predecessor-version":[{"id":32326,"href":"https:\/\/mjimport.com.br\/index.php?rest_route=\/wp\/v2\/product\/32322\/revisions\/32326"}],"wp:featuredmedia":[{"embeddable":true,"href":"https:\/\/mjimport.com.br\/index.php?rest_route=\/wp\/v2\/media\/32323"}],"wp:attachment":[{"href":"https:\/\/mjimport.com.br\/index.php?rest_route=%2Fwp%2Fv2%2Fmedia&parent=32322"}],"wp:term":[{"taxonomy":"product_brand","embeddable":true,"href":"https:\/\/mjimport.com.br\/index.php?rest_route=%2Fwp%2Fv2%2Fproduct_brand&post=32322"},{"taxonomy":"product_cat","embeddable":true,"href":"https:\/\/mjimport.com.br\/index.php?rest_route=%2Fwp%2Fv2%2Fproduct_cat&post=32322"},{"taxonomy":"product_tag","embeddable":true,"href":"https:\/\/mjimport.com.br\/index.php?rest_route=%2Fwp%2Fv2%2Fproduct_tag&post=32322"}],"curies":[{"name":"wp","href":"https:\/\/api.w.org\/{rel}","templated":true}]}}