{"id":32327,"date":"2026-04-01T13:24:23","date_gmt":"2026-04-01T13:24:23","guid":{"rendered":"https:\/\/mjimport.com.br\/?post_type=product&#038;p=32327"},"modified":"2026-04-01T13:24:24","modified_gmt":"2026-04-01T13:24:24","slug":"depilador-oiv-725-vgr-oi-vida","status":"publish","type":"product","link":"https:\/\/mjimport.com.br\/?product=depilador-oiv-725-vgr-oi-vida","title":{"rendered":"Depilador OIV-725 | VGR \u00ae OI VIDA"},"content":{"rendered":"","protected":false},"excerpt":{"rendered":"<h1 class=\"elementor-heading-title elementor-size-default\">Depilador OIV-725 | VGR \u00ae OI VIDA<\/h1>\n<div class=\"elementor-element elementor-element-805202b txt-justify elementor-widget elementor-widget-theme-post-content\" data-id=\"805202b\" data-element_type=\"widget\" data-e-type=\"widget\" data-widget_type=\"theme-post-content.default\">\n<div class=\"elementor-widget-container\">\n<p class=\"\"><strong>Especifica\u00e7\u00e3o:<\/strong><\/p>\n<ul class=\"wp-block-list\">\n<li class=\"\">Modelo: OIV-725<\/li>\n<li class=\"\">Voltagem: DC1.5V<\/li>\n<li class=\"\">Cabo girat\u00f3rio 360\u00ba<\/li>\n<li class=\"\">Bot\u00e3o funcional<\/li>\n<li class=\"\">Peso: 61g<\/li>\n<li class=\"\">A prova d\u00b4agua<\/li>\n<li class=\"\">Pilha AA<\/li>\n<\/ul>\n<\/div>\n<\/div>\n<div class=\"elementor-element elementor-element-e521fba elementor-widget elementor-widget-jet-listing-dynamic-field\" data-id=\"e521fba\" data-element_type=\"widget\" data-e-type=\"widget\" data-widget_type=\"jet-listing-dynamic-field.default\">\n<div class=\"elementor-widget-container\">\n<div class=\"jet-listing jet-listing-dynamic-field display-inline\">\n<div class=\"jet-listing-dynamic-field__inline-wrap\">\n<div class=\"jet-listing-dynamic-field__content\"><strong>Itens na caixa<\/strong>:<\/p>\n<ul>\n<li>1 * M\u00e1quina V-725<\/li>\n<li>3 * Cabe\u00e7as para depila\u00e7\u00e3o<\/li>\n<li>4 * Pentes de corte<\/li>\n<li>1 * Pincel de limpeza<\/li>\n<li>1 * Manual de instru\u00e7\u00f5es<\/li>\n<\/ul>\n<\/div>\n<\/div>\n<\/div>\n<\/div>\n<\/div>\n","protected":false},"featured_media":32328,"template":"","meta":[],"product_brand":[132],"product_cat":[84],"product_tag":[],"class_list":{"0":"post-32327","1":"product","2":"type-product","3":"status-publish","4":"has-post-thumbnail","6":"product_brand-vgr","7":"product_cat-maquinas","9":"first","10":"instock","11":"sale","12":"virtual","13":"purchasable","14":"product-type-simple"},"_links":{"self":[{"href":"https:\/\/mjimport.com.br\/index.php?rest_route=\/wp\/v2\/product\/32327","targetHints":{"allow":["GET"]}}],"collection":[{"href":"https:\/\/mjimport.com.br\/index.php?rest_route=\/wp\/v2\/product"}],"about":[{"href":"https:\/\/mjimport.com.br\/index.php?rest_route=\/wp\/v2\/types\/product"}],"version-history":[{"count":2,"href":"https:\/\/mjimport.com.br\/index.php?rest_route=\/wp\/v2\/product\/32327\/revisions"}],"predecessor-version":[{"id":32330,"href":"https:\/\/mjimport.com.br\/index.php?rest_route=\/wp\/v2\/product\/32327\/revisions\/32330"}],"wp:featuredmedia":[{"embeddable":true,"href":"https:\/\/mjimport.com.br\/index.php?rest_route=\/wp\/v2\/media\/32328"}],"wp:attachment":[{"href":"https:\/\/mjimport.com.br\/index.php?rest_route=%2Fwp%2Fv2%2Fmedia&parent=32327"}],"wp:term":[{"taxonomy":"product_brand","embeddable":true,"href":"https:\/\/mjimport.com.br\/index.php?rest_route=%2Fwp%2Fv2%2Fproduct_brand&post=32327"},{"taxonomy":"product_cat","embeddable":true,"href":"https:\/\/mjimport.com.br\/index.php?rest_route=%2Fwp%2Fv2%2Fproduct_cat&post=32327"},{"taxonomy":"product_tag","embeddable":true,"href":"https:\/\/mjimport.com.br\/index.php?rest_route=%2Fwp%2Fv2%2Fproduct_tag&post=32327"}],"curies":[{"name":"wp","href":"https:\/\/api.w.org\/{rel}","templated":true}]}}