{"id":32383,"date":"2026-04-01T14:41:19","date_gmt":"2026-04-01T14:41:19","guid":{"rendered":"https:\/\/mjimport.com.br\/?post_type=product&#038;p=32383"},"modified":"2026-04-01T14:41:20","modified_gmt":"2026-04-01T14:41:20","slug":"aspirador-de-pelos-oiv-207-vgr-oi-vida","status":"publish","type":"product","link":"https:\/\/mjimport.com.br\/?product=aspirador-de-pelos-oiv-207-vgr-oi-vida","title":{"rendered":"Aspirador de Pelos OIV-207 | VGR \u00ae OI VIDA"},"content":{"rendered":"","protected":false},"excerpt":{"rendered":"<h1 class=\"elementor-heading-title elementor-size-default\">Aspirador de Pelos OIV-207 | VGR \u00ae OI VIDA<\/h1>\n<div class=\"elementor-element elementor-element-805202b txt-justify elementor-widget elementor-widget-theme-post-content\" data-id=\"805202b\" data-element_type=\"widget\" data-e-type=\"widget\" data-widget_type=\"theme-post-content.default\">\n<div class=\"elementor-widget-container\">\n<p class=\"\"><strong>Especifica\u00e7\u00e3o:<\/strong><\/p>\n<ul class=\"wp-block-list\">\n<li class=\"\">Modelo: OIV-207<\/li>\n<li class=\"\">Voltagem: 110v 60Hz 300W<\/li>\n<li class=\"\">Bateria de L\u00edtio 1400mAh<\/li>\n<li class=\"\">Recarga: 3h<\/li>\n<li class=\"\">Prote\u00e7\u00e3o IPX7 \u00e0 prova d\u00b4agua<\/li>\n<li class=\"\">Fio: 2 metros<\/li>\n<li class=\"\">7 Fun\u00e7\u00f5es<\/li>\n<li class=\"\">Luz Indicativa<\/li>\n<li class=\"\">Poder de suc\u00e7\u00e3o superior a 10 kPa<\/li>\n<\/ul>\n<\/div>\n<\/div>\n<div class=\"elementor-element elementor-element-e521fba elementor-widget elementor-widget-jet-listing-dynamic-field\" data-id=\"e521fba\" data-element_type=\"widget\" data-e-type=\"widget\" data-widget_type=\"jet-listing-dynamic-field.default\">\n<div class=\"elementor-widget-container\">\n<div class=\"jet-listing jet-listing-dynamic-field display-inline\">\n<div class=\"jet-listing-dynamic-field__inline-wrap\">\n<div class=\"jet-listing-dynamic-field__content\"><strong>Itens na caixa<\/strong>:<\/p>\n<ul>\n<li>1 * cabo longo (2 m):<\/li>\n<li>1 * mangueira (1,4m);<\/li>\n<li>1 * bocal plano &#8211; projetado para limpar cabelos em m\u00f3veis e revestimentos de pisos;<\/li>\n<li>1 * deshedder ou cortador de debrum (acess\u00f3rio para desbaste e desbaste de l\u00e3);<\/li>\n<li>6 * acess\u00f3rios para corte de cabelo (3mm, 6mm, 9mm, 12mm, 18mm, 23mm);<\/li>\n<li>1 * \u00f3leo para lubrificar a cabe\u00e7a de corte;<\/li>\n<li>1 * manual de instru\u00e7\u00f5es.<\/li>\n<\/ul>\n<\/div>\n<\/div>\n<\/div>\n<\/div>\n<\/div>\n","protected":false},"featured_media":32385,"template":"","meta":[],"product_brand":[132],"product_cat":[84],"product_tag":[136],"class_list":{"0":"post-32383","1":"product","2":"type-product","3":"status-publish","4":"has-post-thumbnail","6":"product_brand-vgr","7":"product_cat-maquinas","8":"product_tag-aspiradordepelos","10":"first","11":"instock","12":"sale","13":"virtual","14":"purchasable","15":"product-type-simple"},"_links":{"self":[{"href":"https:\/\/mjimport.com.br\/index.php?rest_route=\/wp\/v2\/product\/32383","targetHints":{"allow":["GET"]}}],"collection":[{"href":"https:\/\/mjimport.com.br\/index.php?rest_route=\/wp\/v2\/product"}],"about":[{"href":"https:\/\/mjimport.com.br\/index.php?rest_route=\/wp\/v2\/types\/product"}],"version-history":[{"count":2,"href":"https:\/\/mjimport.com.br\/index.php?rest_route=\/wp\/v2\/product\/32383\/revisions"}],"predecessor-version":[{"id":32387,"href":"https:\/\/mjimport.com.br\/index.php?rest_route=\/wp\/v2\/product\/32383\/revisions\/32387"}],"wp:featuredmedia":[{"embeddable":true,"href":"https:\/\/mjimport.com.br\/index.php?rest_route=\/wp\/v2\/media\/32385"}],"wp:attachment":[{"href":"https:\/\/mjimport.com.br\/index.php?rest_route=%2Fwp%2Fv2%2Fmedia&parent=32383"}],"wp:term":[{"taxonomy":"product_brand","embeddable":true,"href":"https:\/\/mjimport.com.br\/index.php?rest_route=%2Fwp%2Fv2%2Fproduct_brand&post=32383"},{"taxonomy":"product_cat","embeddable":true,"href":"https:\/\/mjimport.com.br\/index.php?rest_route=%2Fwp%2Fv2%2Fproduct_cat&post=32383"},{"taxonomy":"product_tag","embeddable":true,"href":"https:\/\/mjimport.com.br\/index.php?rest_route=%2Fwp%2Fv2%2Fproduct_tag&post=32383"}],"curies":[{"name":"wp","href":"https:\/\/api.w.org\/{rel}","templated":true}]}}