{"id":32434,"date":"2026-04-04T15:26:40","date_gmt":"2026-04-04T15:26:40","guid":{"rendered":"https:\/\/mjimport.com.br\/?post_type=product&#038;p=32434"},"modified":"2026-04-04T15:26:42","modified_gmt":"2026-04-04T15:26:42","slug":"massageador-muscular-oasis-oih-5306","status":"publish","type":"product","link":"https:\/\/mjimport.com.br\/?product=massageador-muscular-oasis-oih-5306","title":{"rendered":"Massageador Muscular O\u00e1sis OIH-5306"},"content":{"rendered":"","protected":false},"excerpt":{"rendered":"<p><strong>Massageador Muscular O\u00e1sis OIH-5306<\/strong><\/p>\n<p>MODELO: OIH-5306<\/p>\n<p class=\"QN2lPu\">O Massageador Muscular O\u00e1sis OIH-5306 foi desenvolvido para proporcionar massagem profunda, relaxamento muscular e recupera\u00e7\u00e3o eficiente ap\u00f3s treinos intensos ou dias longos de trabalho.<\/p>\n<p class=\"QN2lPu\">Com 9 n\u00edveis de intensidade e motor de at\u00e9 3200 RPM, ele atua diretamente na tens\u00e3o muscular, ajudando a estimular a circula\u00e7\u00e3o, aliviar dores e acelerar a recupera\u00e7\u00e3o.<\/p>\n<p class=\"QN2lPu\">Mais conforto. Mais desempenho. Mais bem-estar.<\/p>\n","protected":false},"featured_media":32435,"template":"","meta":[],"product_brand":[],"product_cat":[23],"product_tag":[],"class_list":{"0":"post-32434","1":"product","2":"type-product","3":"status-publish","4":"has-post-thumbnail","6":"product_cat-accessorios","8":"first","9":"instock","10":"sale","11":"virtual","12":"purchasable","13":"product-type-simple"},"_links":{"self":[{"href":"https:\/\/mjimport.com.br\/index.php?rest_route=\/wp\/v2\/product\/32434","targetHints":{"allow":["GET"]}}],"collection":[{"href":"https:\/\/mjimport.com.br\/index.php?rest_route=\/wp\/v2\/product"}],"about":[{"href":"https:\/\/mjimport.com.br\/index.php?rest_route=\/wp\/v2\/types\/product"}],"version-history":[{"count":2,"href":"https:\/\/mjimport.com.br\/index.php?rest_route=\/wp\/v2\/product\/32434\/revisions"}],"predecessor-version":[{"id":32438,"href":"https:\/\/mjimport.com.br\/index.php?rest_route=\/wp\/v2\/product\/32434\/revisions\/32438"}],"wp:featuredmedia":[{"embeddable":true,"href":"https:\/\/mjimport.com.br\/index.php?rest_route=\/wp\/v2\/media\/32435"}],"wp:attachment":[{"href":"https:\/\/mjimport.com.br\/index.php?rest_route=%2Fwp%2Fv2%2Fmedia&parent=32434"}],"wp:term":[{"taxonomy":"product_brand","embeddable":true,"href":"https:\/\/mjimport.com.br\/index.php?rest_route=%2Fwp%2Fv2%2Fproduct_brand&post=32434"},{"taxonomy":"product_cat","embeddable":true,"href":"https:\/\/mjimport.com.br\/index.php?rest_route=%2Fwp%2Fv2%2Fproduct_cat&post=32434"},{"taxonomy":"product_tag","embeddable":true,"href":"https:\/\/mjimport.com.br\/index.php?rest_route=%2Fwp%2Fv2%2Fproduct_tag&post=32434"}],"curies":[{"name":"wp","href":"https:\/\/api.w.org\/{rel}","templated":true}]}}