{"id":32445,"date":"2026-04-04T15:51:45","date_gmt":"2026-04-04T15:51:45","guid":{"rendered":"https:\/\/mjimport.com.br\/?post_type=product&#038;p=32445"},"modified":"2026-04-04T15:51:45","modified_gmt":"2026-04-04T15:51:45","slug":"massageador-muscular-eletrico-portatil-25w-tomate-am-027","status":"publish","type":"product","link":"https:\/\/mjimport.com.br\/?product=massageador-muscular-eletrico-portatil-25w-tomate-am-027","title":{"rendered":"MASSAGEADOR MUSCULAR ELETRICO PORTATIL 25W TOMATE AM-027"},"content":{"rendered":"","protected":false},"excerpt":{"rendered":"<h1 class=\"nome-produto titulo cor-secundaria\">MASSAGEADOR MUSCULAR ELETRICO PORTATIL 25W TOMATE AM-027<\/h1>\n<h3><strong>Descri\u00e7\u00e3o do produto<\/strong><\/h3>\n<p>O Massageador Muscular Port\u00e1til AM-027 da marca Tomate \u00e9 um dispositivo projetado para aliviar tens\u00f5es musculares e\u00a0promover o relaxamento corporal, com um design compacto e eficiente.\u200b<\/p>\n<h3><strong>Caracter\u00edstica do produto<\/strong><\/h3>\n<p>Marca: Tomate<br \/>\nModelo: AM-027<br \/>\nPot\u00eancia: 25W<br \/>\nVelocidade: de 1800-3200rpm<br \/>\nBateria: 800mA\/ Recarreg\u00e1vel via USB\/Tipo-C<br \/>\nDura\u00e7\u00e3o: At\u00e9 4 horas (conforme o uso)<\/p>\n<h3><strong>Acompanha:<\/strong><\/h3>\n<p>1x cabo de carregamento USB<\/p>\n<p>1x cabe\u00e7a de massagem de bola<br \/>\n1x cabe\u00e7a de massagem de dois pontos<br \/>\n1x cabe\u00e7a de massagem de ponto \u00fanico<br \/>\n1x cabe\u00e7a de massagem plana<\/p>\n","protected":false},"featured_media":32446,"template":"","meta":[],"product_brand":[104],"product_cat":[23],"product_tag":[142],"class_list":{"0":"post-32445","1":"product","2":"type-product","3":"status-publish","4":"has-post-thumbnail","6":"product_brand-tomate","7":"product_cat-accessorios","8":"product_tag-massageador","10":"first","11":"instock","12":"sale","13":"virtual","14":"purchasable","15":"product-type-simple"},"_links":{"self":[{"href":"https:\/\/mjimport.com.br\/index.php?rest_route=\/wp\/v2\/product\/32445","targetHints":{"allow":["GET"]}}],"collection":[{"href":"https:\/\/mjimport.com.br\/index.php?rest_route=\/wp\/v2\/product"}],"about":[{"href":"https:\/\/mjimport.com.br\/index.php?rest_route=\/wp\/v2\/types\/product"}],"version-history":[{"count":2,"href":"https:\/\/mjimport.com.br\/index.php?rest_route=\/wp\/v2\/product\/32445\/revisions"}],"predecessor-version":[{"id":32449,"href":"https:\/\/mjimport.com.br\/index.php?rest_route=\/wp\/v2\/product\/32445\/revisions\/32449"}],"wp:featuredmedia":[{"embeddable":true,"href":"https:\/\/mjimport.com.br\/index.php?rest_route=\/wp\/v2\/media\/32446"}],"wp:attachment":[{"href":"https:\/\/mjimport.com.br\/index.php?rest_route=%2Fwp%2Fv2%2Fmedia&parent=32445"}],"wp:term":[{"taxonomy":"product_brand","embeddable":true,"href":"https:\/\/mjimport.com.br\/index.php?rest_route=%2Fwp%2Fv2%2Fproduct_brand&post=32445"},{"taxonomy":"product_cat","embeddable":true,"href":"https:\/\/mjimport.com.br\/index.php?rest_route=%2Fwp%2Fv2%2Fproduct_cat&post=32445"},{"taxonomy":"product_tag","embeddable":true,"href":"https:\/\/mjimport.com.br\/index.php?rest_route=%2Fwp%2Fv2%2Fproduct_tag&post=32445"}],"curies":[{"name":"wp","href":"https:\/\/api.w.org\/{rel}","templated":true}]}}