{"id":32450,"date":"2026-04-04T15:55:55","date_gmt":"2026-04-04T15:55:55","guid":{"rendered":"https:\/\/mjimport.com.br\/?post_type=product&#038;p=32450"},"modified":"2026-04-04T15:55:56","modified_gmt":"2026-04-04T15:55:56","slug":"massageador-muscular-com-8-niveis-3300rpm-tomate-am-013","status":"publish","type":"product","link":"https:\/\/mjimport.com.br\/?product=massageador-muscular-com-8-niveis-3300rpm-tomate-am-013","title":{"rendered":"MASSAGEADOR MUSCULAR COM 8 NIVEIS 3300RPM TOMATE AM-013"},"content":{"rendered":"","protected":false},"excerpt":{"rendered":"<h1 class=\"nome-produto titulo cor-secundaria\">MASSAGEADOR MUSCULAR COM 8 NIVEIS 3300RPM TOMATE AM-013<\/h1>\n<p>Descri\u00e7\u00e3o:<br \/>\nSe voc\u00ea precisa de uma massagem realmente profunda este \u00e9 o produto para voc\u00ea. Se o seu trabalho \u00e9 na constru\u00e7\u00e3o, enfermagem, esportes, etc. ou faz qualquer tipo de trabalho de levantamento ou esfor\u00e7o f\u00edsico, voc\u00ea precisa disso!<br \/>\nO Massageador Profissional Tomate \u00e9 tudo que voc\u00ea precisa para alcan\u00e7ar o m\u00e1ximo de conforto e al\u00edvio do estresse di\u00e1rio!<\/p>\n<p>Especifica\u00e7\u00f5es T\u00e9cnicas:<br \/>\n&#8211; Marca: Tomate<br \/>\n&#8211; Modelo: AM-013<br \/>\n&#8211; Cor: Cinza<br \/>\n&#8211; Tens\u00e3o nominal: 7.4V<br \/>\n&#8211; Corrente nominal: 2A<br \/>\n&#8211; Tens\u00e3o de entrada: 5V-2A<br \/>\n&#8211; Velocidade m\u00e1xima: 3300rpm<\/p>\n","protected":false},"featured_media":32451,"template":"","meta":[],"product_brand":[99],"product_cat":[23],"product_tag":[],"class_list":{"0":"post-32450","1":"product","2":"type-product","3":"status-publish","4":"has-post-thumbnail","6":"product_brand-peining","7":"product_cat-accessorios","9":"first","10":"instock","11":"sale","12":"virtual","13":"purchasable","14":"product-type-simple"},"_links":{"self":[{"href":"https:\/\/mjimport.com.br\/index.php?rest_route=\/wp\/v2\/product\/32450","targetHints":{"allow":["GET"]}}],"collection":[{"href":"https:\/\/mjimport.com.br\/index.php?rest_route=\/wp\/v2\/product"}],"about":[{"href":"https:\/\/mjimport.com.br\/index.php?rest_route=\/wp\/v2\/types\/product"}],"version-history":[{"count":2,"href":"https:\/\/mjimport.com.br\/index.php?rest_route=\/wp\/v2\/product\/32450\/revisions"}],"predecessor-version":[{"id":32454,"href":"https:\/\/mjimport.com.br\/index.php?rest_route=\/wp\/v2\/product\/32450\/revisions\/32454"}],"wp:featuredmedia":[{"embeddable":true,"href":"https:\/\/mjimport.com.br\/index.php?rest_route=\/wp\/v2\/media\/32451"}],"wp:attachment":[{"href":"https:\/\/mjimport.com.br\/index.php?rest_route=%2Fwp%2Fv2%2Fmedia&parent=32450"}],"wp:term":[{"taxonomy":"product_brand","embeddable":true,"href":"https:\/\/mjimport.com.br\/index.php?rest_route=%2Fwp%2Fv2%2Fproduct_brand&post=32450"},{"taxonomy":"product_cat","embeddable":true,"href":"https:\/\/mjimport.com.br\/index.php?rest_route=%2Fwp%2Fv2%2Fproduct_cat&post=32450"},{"taxonomy":"product_tag","embeddable":true,"href":"https:\/\/mjimport.com.br\/index.php?rest_route=%2Fwp%2Fv2%2Fproduct_tag&post=32450"}],"curies":[{"name":"wp","href":"https:\/\/api.w.org\/{rel}","templated":true}]}}