{"id":32460,"date":"2026-04-04T16:03:52","date_gmt":"2026-04-04T16:03:52","guid":{"rendered":"https:\/\/mjimport.com.br\/?post_type=product&#038;p=32460"},"modified":"2026-04-04T16:03:52","modified_gmt":"2026-04-04T16:03:52","slug":"massageador-multifuncional-4-pontos-9-modos-tomate-am-026","status":"publish","type":"product","link":"https:\/\/mjimport.com.br\/?product=massageador-multifuncional-4-pontos-9-modos-tomate-am-026","title":{"rendered":"MASSAGEADOR MULTIFUNCIONAL 4 PONTOS 9 MODOS TOMATE AM-026"},"content":{"rendered":"","protected":false},"excerpt":{"rendered":"<h1 class=\"nome-produto titulo cor-secundaria\">MASSAGEADOR MULTIFUNCIONAL 4 PONTOS 9 MODOS TOMATE AM-026<\/h1>\n<p>Relaxe como nunca antes com o Massageador Multifuncional 4 Pontos 9 Modos Tomate AM-026<\/p>\n<p>Este massageador inovador da Tomate \u00e9 a solu\u00e7\u00e3o ideal para aqueles que buscam um relaxamento profundo e personalizado. Com 4 pontos de massagem e 9 modos de intensidades ajust\u00e1veis, \u00e9 poss\u00edvel desfrutar de uma experi\u00eancia \u00fanica de al\u00edvio do estresse e relaxamento muscular.<\/p>\n<p>Marca: Tomate<\/p>\n<p>Modelo: AM-026<\/p>\n<p>Tens\u00e3o nominal: 7,4V<\/p>\n<p>Pot\u00eancia nominal: 15W<\/p>\n<p>Bateria: 2.000 mAh<\/p>\n<p>Tipo de recarga: Tipo C<\/p>\n","protected":false},"featured_media":32461,"template":"","meta":[],"product_brand":[104],"product_cat":[23],"product_tag":[142],"class_list":{"0":"post-32460","1":"product","2":"type-product","3":"status-publish","4":"has-post-thumbnail","6":"product_brand-tomate","7":"product_cat-accessorios","8":"product_tag-massageador","10":"first","11":"instock","12":"sale","13":"virtual","14":"purchasable","15":"product-type-simple"},"_links":{"self":[{"href":"https:\/\/mjimport.com.br\/index.php?rest_route=\/wp\/v2\/product\/32460","targetHints":{"allow":["GET"]}}],"collection":[{"href":"https:\/\/mjimport.com.br\/index.php?rest_route=\/wp\/v2\/product"}],"about":[{"href":"https:\/\/mjimport.com.br\/index.php?rest_route=\/wp\/v2\/types\/product"}],"version-history":[{"count":2,"href":"https:\/\/mjimport.com.br\/index.php?rest_route=\/wp\/v2\/product\/32460\/revisions"}],"predecessor-version":[{"id":32465,"href":"https:\/\/mjimport.com.br\/index.php?rest_route=\/wp\/v2\/product\/32460\/revisions\/32465"}],"wp:featuredmedia":[{"embeddable":true,"href":"https:\/\/mjimport.com.br\/index.php?rest_route=\/wp\/v2\/media\/32461"}],"wp:attachment":[{"href":"https:\/\/mjimport.com.br\/index.php?rest_route=%2Fwp%2Fv2%2Fmedia&parent=32460"}],"wp:term":[{"taxonomy":"product_brand","embeddable":true,"href":"https:\/\/mjimport.com.br\/index.php?rest_route=%2Fwp%2Fv2%2Fproduct_brand&post=32460"},{"taxonomy":"product_cat","embeddable":true,"href":"https:\/\/mjimport.com.br\/index.php?rest_route=%2Fwp%2Fv2%2Fproduct_cat&post=32460"},{"taxonomy":"product_tag","embeddable":true,"href":"https:\/\/mjimport.com.br\/index.php?rest_route=%2Fwp%2Fv2%2Fproduct_tag&post=32460"}],"curies":[{"name":"wp","href":"https:\/\/api.w.org\/{rel}","templated":true}]}}