{"id":32473,"date":"2026-04-04T18:24:56","date_gmt":"2026-04-04T18:24:56","guid":{"rendered":"https:\/\/mjimport.com.br\/?post_type=product&#038;p=32473"},"modified":"2026-04-04T18:27:33","modified_gmt":"2026-04-04T18:27:33","slug":"maquina-high-speed-vgr-v-026-profissional","status":"publish","type":"product","link":"https:\/\/mjimport.com.br\/?product=maquina-high-speed-vgr-v-026-profissional","title":{"rendered":"MAQUINA HIGH SPEED VGR V-026 PROFISSIONAL"},"content":{"rendered":"","protected":false},"excerpt":{"rendered":"<p>MAQUINA HIGH SPEED VGR V-026 PROFISSIONAL<\/p>\n<p>MODELO: V-026<\/p>\n<p>Maquina High Espeed\u00a0 VGR V-026 demonstra excelente performance silenciosa, ideal para uso residencial, combinando tecnologias de redu\u00e7\u00e3o de ru\u00eddo e bateria duradora, proporcionando cortes precisos e confort\u00e1veis tanto para cabelos normais quanto dif\u00edceis,\u00a0 6 x Pentes, Oleo Lubrificante, 1 Pente, Cabo usb, 3000mah<\/p>\n","protected":false},"featured_media":32474,"template":"","meta":[],"product_brand":[132],"product_cat":[84],"product_tag":[133],"class_list":{"0":"post-32473","1":"product","2":"type-product","3":"status-publish","4":"has-post-thumbnail","6":"product_brand-vgr","7":"product_cat-maquinas","8":"product_tag-maquinasdecorte","10":"first","11":"instock","12":"sale","13":"virtual","14":"purchasable","15":"product-type-simple"},"_links":{"self":[{"href":"https:\/\/mjimport.com.br\/index.php?rest_route=\/wp\/v2\/product\/32473","targetHints":{"allow":["GET"]}}],"collection":[{"href":"https:\/\/mjimport.com.br\/index.php?rest_route=\/wp\/v2\/product"}],"about":[{"href":"https:\/\/mjimport.com.br\/index.php?rest_route=\/wp\/v2\/types\/product"}],"version-history":[{"count":3,"href":"https:\/\/mjimport.com.br\/index.php?rest_route=\/wp\/v2\/product\/32473\/revisions"}],"predecessor-version":[{"id":32483,"href":"https:\/\/mjimport.com.br\/index.php?rest_route=\/wp\/v2\/product\/32473\/revisions\/32483"}],"wp:featuredmedia":[{"embeddable":true,"href":"https:\/\/mjimport.com.br\/index.php?rest_route=\/wp\/v2\/media\/32474"}],"wp:attachment":[{"href":"https:\/\/mjimport.com.br\/index.php?rest_route=%2Fwp%2Fv2%2Fmedia&parent=32473"}],"wp:term":[{"taxonomy":"product_brand","embeddable":true,"href":"https:\/\/mjimport.com.br\/index.php?rest_route=%2Fwp%2Fv2%2Fproduct_brand&post=32473"},{"taxonomy":"product_cat","embeddable":true,"href":"https:\/\/mjimport.com.br\/index.php?rest_route=%2Fwp%2Fv2%2Fproduct_cat&post=32473"},{"taxonomy":"product_tag","embeddable":true,"href":"https:\/\/mjimport.com.br\/index.php?rest_route=%2Fwp%2Fv2%2Fproduct_tag&post=32473"}],"curies":[{"name":"wp","href":"https:\/\/api.w.org\/{rel}","templated":true}]}}