{"id":32489,"date":"2026-04-04T19:38:05","date_gmt":"2026-04-04T19:38:05","guid":{"rendered":"https:\/\/mjimport.com.br\/?post_type=product&#038;p=32489"},"modified":"2026-04-04T19:38:06","modified_gmt":"2026-04-04T19:38:06","slug":"kit-2-maquinas-profissional-vgr-v-643","status":"publish","type":"product","link":"https:\/\/mjimport.com.br\/?product=kit-2-maquinas-profissional-vgr-v-643","title":{"rendered":"Kit 2 M\u00e1quinas Profissional VGR V-643"},"content":{"rendered":"","protected":false},"excerpt":{"rendered":"<p><strong>Kit 2 M\u00e1quinas Profissional VGR V-643<\/strong><\/p>\n<p class=\"QN2lPu\">Diferenciais do Kit VGR V-643 (2 unidades):<\/p>\n<p class=\"QN2lPu\">L\u00e2minas Profissionais de Nova Gera\u00e7\u00e3o<\/p>\n<p class=\"QN2lPu\">L\u00e2minas cer\u00e2micas combinadas com metalurgia em p\u00f3 garantem cortes ultrafinos, precisos e rentes \u00e0 pele. \u00d3timo para cortes e acabamentos.<\/p>\n<p class=\"QN2lPu\">Bateria de Longa Dura\u00e7\u00e3o (2600mAh)<\/p>\n<p class=\"QN2lPu\">Cada m\u00e1quina entrega at\u00e9 250 minutos de autonomia, com carregamento r\u00e1pido de apenas 3,5h via cabo USB.<\/p>\n<p class=\"QN2lPu\">4 Velocidades Ajust\u00e1veis (5500\u20137000 RPM)<\/p>\n<p class=\"QN2lPu\">Escolha a velocidade ideal para cada tipo de cabelo e estilo de corte, com total controle e flexibilidade.<\/p>\n<p class=\"QN2lPu\">Fun\u00e7\u00e3o de Auto-Teste<\/p>\n<p class=\"QN2lPu\">As m\u00e1quinas realizam um autodiagn\u00f3stico antes do uso, garantindo seguran\u00e7a e funcionamento ideal.<\/p>\n<p class=\"QN2lPu\">Display LED Inteligente<\/p>\n<p class=\"QN2lPu\">Mostra a porcentagem da bateria e a rota\u00e7\u00e3o por minuto (RPM) \u2014 tudo na tela, para voc\u00ea ter controle total do desempenho.<\/p>\n<p class=\"QN2lPu\">Carregamento via USB<\/p>\n<p class=\"QN2lPu\">Conecte em qualquer porta USB: mais praticidade no dia a dia, sem depender de fontes ou adaptadores.<\/p>\n<p class=\"QN2lPu\">Itens Inclusos<\/p>\n<p class=\"QN2lPu\">1x M\u00e1quina de corte VGR V-643<\/p>\n<p class=\"QN2lPu\">1x M\u00e1quina de Acabamento VGR V-643<\/p>\n<p class=\"QN2lPu\">1x Cabo de carregamento USB<\/p>\n<p class=\"QN2lPu\">12 x Pentes de altura (guias de corte)<\/p>\n<p class=\"QN2lPu\">1x Escova de limpeza<\/p>\n<p class=\"QN2lPu\">1x Frasco de \u00f3Leo lubrificante<\/p>\n<p class=\"QN2lPu\">1x Manual<\/p>\n<p class=\"QN2lPu\">Especifica\u00e7\u00f5es T\u00e9cnicas (por m\u00e1quina):<\/p>\n<p class=\"QN2lPu\">Modelo: VGR OIV-643<\/p>\n<p class=\"QN2lPu\">Tens\u00e3o: DC 5V<\/p>\n<p class=\"QN2lPu\">Corrente: 1A<\/p>\n<p class=\"QN2lPu\">Pot\u00eancia: 5W<\/p>\n","protected":false},"featured_media":32490,"template":"","meta":[],"product_brand":[132],"product_cat":[84],"product_tag":[133],"class_list":{"0":"post-32489","1":"product","2":"type-product","3":"status-publish","4":"has-post-thumbnail","6":"product_brand-vgr","7":"product_cat-maquinas","8":"product_tag-maquinasdecorte","10":"first","11":"instock","12":"sale","13":"virtual","14":"purchasable","15":"product-type-simple"},"_links":{"self":[{"href":"https:\/\/mjimport.com.br\/index.php?rest_route=\/wp\/v2\/product\/32489","targetHints":{"allow":["GET"]}}],"collection":[{"href":"https:\/\/mjimport.com.br\/index.php?rest_route=\/wp\/v2\/product"}],"about":[{"href":"https:\/\/mjimport.com.br\/index.php?rest_route=\/wp\/v2\/types\/product"}],"version-history":[{"count":2,"href":"https:\/\/mjimport.com.br\/index.php?rest_route=\/wp\/v2\/product\/32489\/revisions"}],"predecessor-version":[{"id":32494,"href":"https:\/\/mjimport.com.br\/index.php?rest_route=\/wp\/v2\/product\/32489\/revisions\/32494"}],"wp:featuredmedia":[{"embeddable":true,"href":"https:\/\/mjimport.com.br\/index.php?rest_route=\/wp\/v2\/media\/32490"}],"wp:attachment":[{"href":"https:\/\/mjimport.com.br\/index.php?rest_route=%2Fwp%2Fv2%2Fmedia&parent=32489"}],"wp:term":[{"taxonomy":"product_brand","embeddable":true,"href":"https:\/\/mjimport.com.br\/index.php?rest_route=%2Fwp%2Fv2%2Fproduct_brand&post=32489"},{"taxonomy":"product_cat","embeddable":true,"href":"https:\/\/mjimport.com.br\/index.php?rest_route=%2Fwp%2Fv2%2Fproduct_cat&post=32489"},{"taxonomy":"product_tag","embeddable":true,"href":"https:\/\/mjimport.com.br\/index.php?rest_route=%2Fwp%2Fv2%2Fproduct_tag&post=32489"}],"curies":[{"name":"wp","href":"https:\/\/api.w.org\/{rel}","templated":true}]}}