{"id":32505,"date":"2026-04-04T19:51:14","date_gmt":"2026-04-04T19:51:14","guid":{"rendered":"https:\/\/mjimport.com.br\/?post_type=product&#038;p=32505"},"modified":"2026-04-04T19:51:15","modified_gmt":"2026-04-04T19:51:15","slug":"barbeador-eletrico-portatil-vgr-v-345-usb","status":"publish","type":"product","link":"https:\/\/mjimport.com.br\/?product=barbeador-eletrico-portatil-vgr-v-345-usb","title":{"rendered":"Barbeador el\u00e9trico port\u00e1til Vgr V-345 USB"},"content":{"rendered":"","protected":false},"excerpt":{"rendered":"<h1 class=\"product-title product_title entry-title\"><span dir=\"auto\">Barbeador el\u00e9trico port\u00e1til Vgr V-345 USB<\/span><\/h1>\n<p><span dir=\"auto\">Material: ABS<\/span><\/p>\n<p><span dir=\"auto\">Material da l\u00e2mina: A\u00e7o inoxid\u00e1vel<\/span><\/p>\n<p><span dir=\"auto\">L\u00e2mina de suc\u00e7\u00e3o magn\u00e9tica<\/span><\/p>\n<p><span dir=\"auto\">Cabe\u00e7a dupla rotativa<\/span><\/p>\n<p><span dir=\"auto\">Bateria: 350mAh<\/span><\/p>\n<p><span dir=\"auto\">Tempo de carregamento: 1,5 horas<\/span><\/p>\n<p><span dir=\"auto\">Tempo de utiliza\u00e7\u00e3o: 45 minutos<\/span><\/p>\n<p><span dir=\"auto\">Pot\u00eancia: 5W<\/span><\/p>\n<p><span dir=\"auto\">Velocidade: 3000 rpm<\/span><\/p>\n<p><span dir=\"auto\">Aparar para 0<\/span><\/p>\n<p><span dir=\"auto\">indicador LED<\/span><\/p>\n<p><span dir=\"auto\">MEDIDAS:<\/span><\/p>\n<p><span dir=\"auto\">Dimens\u00f5es: 7,9 cm x 6,1 cm x 3,2 cm<\/span><\/p>\n<p><span dir=\"auto\">Peso: 106g<\/span><\/p>\n<p><span dir=\"auto\">INCLUI:<\/span><\/p>\n<p><span dir=\"auto\">1x VGR<\/span><\/p>\n<p><span dir=\"auto\">1 escova de limpeza<\/span><\/p>\n<p><span dir=\"auto\">1x Cabo de Carregamento USB Tipo A\/C<\/span><\/p>\n<p><span dir=\"auto\">1x Tampa protetora<\/span><\/p>\n","protected":false},"featured_media":32506,"template":"","meta":[],"product_brand":[132],"product_cat":[84],"product_tag":[133],"class_list":{"0":"post-32505","1":"product","2":"type-product","3":"status-publish","4":"has-post-thumbnail","6":"product_brand-vgr","7":"product_cat-maquinas","8":"product_tag-maquinasdecorte","10":"first","11":"instock","12":"sale","13":"virtual","14":"purchasable","15":"product-type-simple"},"_links":{"self":[{"href":"https:\/\/mjimport.com.br\/index.php?rest_route=\/wp\/v2\/product\/32505","targetHints":{"allow":["GET"]}}],"collection":[{"href":"https:\/\/mjimport.com.br\/index.php?rest_route=\/wp\/v2\/product"}],"about":[{"href":"https:\/\/mjimport.com.br\/index.php?rest_route=\/wp\/v2\/types\/product"}],"version-history":[{"count":2,"href":"https:\/\/mjimport.com.br\/index.php?rest_route=\/wp\/v2\/product\/32505\/revisions"}],"predecessor-version":[{"id":32509,"href":"https:\/\/mjimport.com.br\/index.php?rest_route=\/wp\/v2\/product\/32505\/revisions\/32509"}],"wp:featuredmedia":[{"embeddable":true,"href":"https:\/\/mjimport.com.br\/index.php?rest_route=\/wp\/v2\/media\/32506"}],"wp:attachment":[{"href":"https:\/\/mjimport.com.br\/index.php?rest_route=%2Fwp%2Fv2%2Fmedia&parent=32505"}],"wp:term":[{"taxonomy":"product_brand","embeddable":true,"href":"https:\/\/mjimport.com.br\/index.php?rest_route=%2Fwp%2Fv2%2Fproduct_brand&post=32505"},{"taxonomy":"product_cat","embeddable":true,"href":"https:\/\/mjimport.com.br\/index.php?rest_route=%2Fwp%2Fv2%2Fproduct_cat&post=32505"},{"taxonomy":"product_tag","embeddable":true,"href":"https:\/\/mjimport.com.br\/index.php?rest_route=%2Fwp%2Fv2%2Fproduct_tag&post=32505"}],"curies":[{"name":"wp","href":"https:\/\/api.w.org\/{rel}","templated":true}]}}