{"id":32820,"date":"2026-04-09T19:40:02","date_gmt":"2026-04-09T19:40:02","guid":{"rendered":"https:\/\/mjimport.com.br\/?post_type=product&#038;p=32820"},"modified":"2026-04-09T19:40:03","modified_gmt":"2026-04-09T19:40:03","slug":"headphone-bluetooth-rgb-pei-p29","status":"publish","type":"product","link":"https:\/\/mjimport.com.br\/?product=headphone-bluetooth-rgb-pei-p29","title":{"rendered":"Headphone Bluetooth RGB PEI-P29"},"content":{"rendered":"","protected":false},"excerpt":{"rendered":"<h1 class=\"product_title entry-title elementor-heading-title elementor-size-default\">Headphone Bluetooth RGB PEI-P29<\/h1>\n<p>Modelo: Pei-P29<\/p>\n<h1>Especifica\u00e7\u00f5es do produto<\/h1>\n<p>Tamanho do alto falante: 40mm<\/p>\n<p>Resposta de frequ\u00eancia: 20Hz-20kHz<\/p>\n<p>Imped\u00e2ncia: 32<\/p>\n<p>Sensibilidade: 96 + 3DB<\/p>\n<p>Pot\u00eancia m\u00e1xima de entrada: 20MW<\/p>\n<p>Entrada auxiliar integrada: conector est\u00e9reo de 3,5mm<\/p>\n<p>&nbsp;<\/p>\n<p><strong>Bateria recarreg\u00e1vel embutida de l\u00edtio 400mAh<\/strong><\/p>\n<p>Reprodu\u00e7\u00e3o cont\u00ednua de m\u00fasica: at\u00e9 5 horas de opera\u00e7\u00e3o<\/p>\n<p>Tempo de conversa\u00e7\u00e3o cont\u00ednua: at\u00e9 5 horas<\/p>\n<p>Tempo de carregamento 2 horas<\/p>\n","protected":false},"featured_media":32821,"template":"","meta":[],"product_brand":[99],"product_cat":[78],"product_tag":[102],"class_list":{"0":"post-32820","1":"product","2":"type-product","3":"status-publish","4":"has-post-thumbnail","6":"product_brand-peining","7":"product_cat-fones","8":"product_tag-fones","10":"first","11":"instock","12":"sale","13":"shipping-taxable","14":"purchasable","15":"product-type-variable"},"_links":{"self":[{"href":"https:\/\/mjimport.com.br\/index.php?rest_route=\/wp\/v2\/product\/32820","targetHints":{"allow":["GET"]}}],"collection":[{"href":"https:\/\/mjimport.com.br\/index.php?rest_route=\/wp\/v2\/product"}],"about":[{"href":"https:\/\/mjimport.com.br\/index.php?rest_route=\/wp\/v2\/types\/product"}],"version-history":[{"count":2,"href":"https:\/\/mjimport.com.br\/index.php?rest_route=\/wp\/v2\/product\/32820\/revisions"}],"predecessor-version":[{"id":32832,"href":"https:\/\/mjimport.com.br\/index.php?rest_route=\/wp\/v2\/product\/32820\/revisions\/32832"}],"wp:featuredmedia":[{"embeddable":true,"href":"https:\/\/mjimport.com.br\/index.php?rest_route=\/wp\/v2\/media\/32821"}],"wp:attachment":[{"href":"https:\/\/mjimport.com.br\/index.php?rest_route=%2Fwp%2Fv2%2Fmedia&parent=32820"}],"wp:term":[{"taxonomy":"product_brand","embeddable":true,"href":"https:\/\/mjimport.com.br\/index.php?rest_route=%2Fwp%2Fv2%2Fproduct_brand&post=32820"},{"taxonomy":"product_cat","embeddable":true,"href":"https:\/\/mjimport.com.br\/index.php?rest_route=%2Fwp%2Fv2%2Fproduct_cat&post=32820"},{"taxonomy":"product_tag","embeddable":true,"href":"https:\/\/mjimport.com.br\/index.php?rest_route=%2Fwp%2Fv2%2Fproduct_tag&post=32820"}],"curies":[{"name":"wp","href":"https:\/\/api.w.org\/{rel}","templated":true}]}}