{"id":32833,"date":"2026-04-09T19:47:02","date_gmt":"2026-04-09T19:47:02","guid":{"rendered":"https:\/\/mjimport.com.br\/?post_type=product&#038;p=32833"},"modified":"2026-04-09T19:49:13","modified_gmt":"2026-04-09T19:49:13","slug":"fone-de-ouvido-com-microfone-rgb-pei-680","status":"publish","type":"product","link":"https:\/\/mjimport.com.br\/?product=fone-de-ouvido-com-microfone-rgb-pei-680","title":{"rendered":"Fone de ouvido com microfone RGB PEI-680"},"content":{"rendered":"","protected":false},"excerpt":{"rendered":"<h1 class=\"product_title entry-title elementor-heading-title elementor-size-default\">Fone de ouvido com microfone RGB PEI-680<\/h1>\n<p>Modelo: Pei-680<\/p>\n<div class=\"elementor-element elementor-element-fc19d0b elementor-widget elementor-widget-heading\" data-id=\"fc19d0b\" data-element_type=\"widget\" data-widget_type=\"heading.default\">\n<div class=\"elementor-widget-container\">\n<h2 class=\"elementor-heading-title elementor-size-default\">Informa\u00e7\u00f5es T\u00e9cnicas<\/h2>\n<\/div>\n<\/div>\n<div class=\"elementor-element elementor-element-df6517e elementor-widget elementor-widget-woocommerce-product-content\" data-id=\"df6517e\" data-element_type=\"widget\" data-widget_type=\"woocommerce-product-content.default\">\n<div class=\"elementor-widget-container\">\n<p>Tamanho do alto falante: 40mm<\/p>\n<p>Resposta de frequencia: 20Hz-20kHz<\/p>\n<p>Imped\u00e2ncia: 32\u03a9<\/p>\n<p>Sensibilidade: 96 + 3DB<\/p>\n<p>Pot\u00eancia m\u00e1xima de entrada: 20MW<\/p>\n<p>Entrada auxiliar integrada: conector est\u00e9reo de 3.5mm<\/p>\n<p>Bateria recarreg\u00e1vel embutida, bateria de l\u00edtio 400mah<\/p>\n<p>Reprodu\u00e7\u00e3o continua de m\u00fasica: at\u00e9 5 horas de opera\u00e7\u00e3o<\/p>\n<p>Tempo de carregamento: 2horas<\/p>\n<p><strong>Microfone removivel<\/strong><\/p>\n<\/div>\n<\/div>\n","protected":false},"featured_media":32838,"template":"","meta":[],"product_brand":[99],"product_cat":[78],"product_tag":[102],"class_list":{"0":"post-32833","1":"product","2":"type-product","3":"status-publish","4":"has-post-thumbnail","6":"product_brand-peining","7":"product_cat-fones","8":"product_tag-fones","10":"first","11":"instock","12":"sale","13":"shipping-taxable","14":"purchasable","15":"product-type-variable"},"_links":{"self":[{"href":"https:\/\/mjimport.com.br\/index.php?rest_route=\/wp\/v2\/product\/32833","targetHints":{"allow":["GET"]}}],"collection":[{"href":"https:\/\/mjimport.com.br\/index.php?rest_route=\/wp\/v2\/product"}],"about":[{"href":"https:\/\/mjimport.com.br\/index.php?rest_route=\/wp\/v2\/types\/product"}],"version-history":[{"count":2,"href":"https:\/\/mjimport.com.br\/index.php?rest_route=\/wp\/v2\/product\/32833\/revisions"}],"predecessor-version":[{"id":32840,"href":"https:\/\/mjimport.com.br\/index.php?rest_route=\/wp\/v2\/product\/32833\/revisions\/32840"}],"wp:featuredmedia":[{"embeddable":true,"href":"https:\/\/mjimport.com.br\/index.php?rest_route=\/wp\/v2\/media\/32838"}],"wp:attachment":[{"href":"https:\/\/mjimport.com.br\/index.php?rest_route=%2Fwp%2Fv2%2Fmedia&parent=32833"}],"wp:term":[{"taxonomy":"product_brand","embeddable":true,"href":"https:\/\/mjimport.com.br\/index.php?rest_route=%2Fwp%2Fv2%2Fproduct_brand&post=32833"},{"taxonomy":"product_cat","embeddable":true,"href":"https:\/\/mjimport.com.br\/index.php?rest_route=%2Fwp%2Fv2%2Fproduct_cat&post=32833"},{"taxonomy":"product_tag","embeddable":true,"href":"https:\/\/mjimport.com.br\/index.php?rest_route=%2Fwp%2Fv2%2Fproduct_tag&post=32833"}],"curies":[{"name":"wp","href":"https:\/\/api.w.org\/{rel}","templated":true}]}}