{"id":32845,"date":"2026-04-09T19:56:17","date_gmt":"2026-04-09T19:56:17","guid":{"rendered":"https:\/\/mjimport.com.br\/?post_type=product&#038;p=32845"},"modified":"2026-04-09T19:56:17","modified_gmt":"2026-04-09T19:56:17","slug":"fone-de-ouvido-rgb-pei-580-peining","status":"publish","type":"product","link":"https:\/\/mjimport.com.br\/?product=fone-de-ouvido-rgb-pei-580-peining","title":{"rendered":"Fone de ouvido RGB PEI-580 Peining"},"content":{"rendered":"","protected":false},"excerpt":{"rendered":"<h1 class=\"product_title entry-title elementor-heading-title elementor-size-default\">Fone de ouvido RGB PEI-580 PEINING<\/h1>\n<p>Modelo: Pei-580<\/p>\n<div class=\"elementor-element elementor-element-fc19d0b elementor-widget elementor-widget-heading\" data-id=\"fc19d0b\" data-element_type=\"widget\" data-widget_type=\"heading.default\">\n<div class=\"elementor-widget-container\">\n<h2 class=\"elementor-heading-title elementor-size-default\">Informa\u00e7\u00f5es T\u00e9cnicas<\/h2>\n<\/div>\n<\/div>\n<div class=\"elementor-element elementor-element-df6517e elementor-widget elementor-widget-woocommerce-product-content\" data-id=\"df6517e\" data-element_type=\"widget\" data-widget_type=\"woocommerce-product-content.default\">\n<div class=\"elementor-widget-container\">\n<ul>\n<li>Tamanho do alto falante: 40mm<\/li>\n<li>Resposta de frequencia: 20Hz-20kHz<\/li>\n<li>Imped\u00e2ncia: 32\u03a9<\/li>\n<li>Sensibilidade: 96 + 3DB<\/li>\n<li>Pot\u00eancia m\u00e1xima de entrada: 20MW<\/li>\n<li>Entrada auxiliar integrada: conector est\u00e9reo de 3.5mm<\/li>\n<li>Bateria recarreg\u00e1vel embutida, bateria de l\u00edtio 400mah<\/li>\n<li>Reprodu\u00e7\u00e3o continua de m\u00fasica: at\u00e9 5 horas de opera\u00e7\u00e3o<\/li>\n<li>Tempo de carregamento: 2horas<\/li>\n<\/ul>\n<\/div>\n<\/div>\n","protected":false},"featured_media":32846,"template":"","meta":[],"product_brand":[99],"product_cat":[78],"product_tag":[102],"class_list":{"0":"post-32845","1":"product","2":"type-product","3":"status-publish","4":"has-post-thumbnail","6":"product_brand-peining","7":"product_cat-fones","8":"product_tag-fones","10":"first","11":"instock","12":"sale","13":"shipping-taxable","14":"purchasable","15":"product-type-variable"},"_links":{"self":[{"href":"https:\/\/mjimport.com.br\/index.php?rest_route=\/wp\/v2\/product\/32845","targetHints":{"allow":["GET"]}}],"collection":[{"href":"https:\/\/mjimport.com.br\/index.php?rest_route=\/wp\/v2\/product"}],"about":[{"href":"https:\/\/mjimport.com.br\/index.php?rest_route=\/wp\/v2\/types\/product"}],"version-history":[{"count":2,"href":"https:\/\/mjimport.com.br\/index.php?rest_route=\/wp\/v2\/product\/32845\/revisions"}],"predecessor-version":[{"id":32856,"href":"https:\/\/mjimport.com.br\/index.php?rest_route=\/wp\/v2\/product\/32845\/revisions\/32856"}],"wp:featuredmedia":[{"embeddable":true,"href":"https:\/\/mjimport.com.br\/index.php?rest_route=\/wp\/v2\/media\/32846"}],"wp:attachment":[{"href":"https:\/\/mjimport.com.br\/index.php?rest_route=%2Fwp%2Fv2%2Fmedia&parent=32845"}],"wp:term":[{"taxonomy":"product_brand","embeddable":true,"href":"https:\/\/mjimport.com.br\/index.php?rest_route=%2Fwp%2Fv2%2Fproduct_brand&post=32845"},{"taxonomy":"product_cat","embeddable":true,"href":"https:\/\/mjimport.com.br\/index.php?rest_route=%2Fwp%2Fv2%2Fproduct_cat&post=32845"},{"taxonomy":"product_tag","embeddable":true,"href":"https:\/\/mjimport.com.br\/index.php?rest_route=%2Fwp%2Fv2%2Fproduct_tag&post=32845"}],"curies":[{"name":"wp","href":"https:\/\/api.w.org\/{rel}","templated":true}]}}