{"id":32858,"date":"2026-04-09T20:13:48","date_gmt":"2026-04-09T20:13:48","guid":{"rendered":"https:\/\/mjimport.com.br\/?post_type=product&#038;p=32858"},"modified":"2026-04-09T20:13:48","modified_gmt":"2026-04-09T20:13:48","slug":"headset-gamer-rosa-rgb-pei-gm002-peining","status":"publish","type":"product","link":"https:\/\/mjimport.com.br\/?product=headset-gamer-rosa-rgb-pei-gm002-peining","title":{"rendered":"Headset Gamer Rosa RGB PEI-GM002 PEINING"},"content":{"rendered":"","protected":false},"excerpt":{"rendered":"<p><strong>Headset Gamer Rosa RGB PEI-GM002 PEINING<\/strong><\/p>\n<p>Modelo: PEI-GM002<\/p>\n<p>Especifica\u00e7\u00f5es T\u00e9cnicas:<br \/>\nTamanho do driver: 50mm<br \/>\nResist\u00eancia: 320+-15%<br \/>\nSensibilidade: 105+-3dB<br \/>\nFaixa de frequ\u00eancia: 20Hz \u2013 20KHz<br \/>\nMicrofone: 6.0\u00d72.7mm<br \/>\nSensibilidade do microfone: -38+-3dB<br \/>\nImped\u00e2ncia do microfone: 2.2K<br \/>\nDiretividade: Completa<br \/>\nComprimento do fio: 2.2M+-0.15%<br \/>\nTens\u00e3o do LED: 5.0V+-1%<br \/>\nCorrente de trabalho: 180mA<br \/>\nEntrada: USB + 3.5mm<\/p>\n","protected":false},"featured_media":32859,"template":"","meta":[],"product_brand":[99],"product_cat":[78],"product_tag":[102],"class_list":{"0":"post-32858","1":"product","2":"type-product","3":"status-publish","4":"has-post-thumbnail","6":"product_brand-peining","7":"product_cat-fones","8":"product_tag-fones","10":"first","11":"instock","12":"sale","13":"virtual","14":"purchasable","15":"product-type-simple"},"_links":{"self":[{"href":"https:\/\/mjimport.com.br\/index.php?rest_route=\/wp\/v2\/product\/32858","targetHints":{"allow":["GET"]}}],"collection":[{"href":"https:\/\/mjimport.com.br\/index.php?rest_route=\/wp\/v2\/product"}],"about":[{"href":"https:\/\/mjimport.com.br\/index.php?rest_route=\/wp\/v2\/types\/product"}],"version-history":[{"count":2,"href":"https:\/\/mjimport.com.br\/index.php?rest_route=\/wp\/v2\/product\/32858\/revisions"}],"predecessor-version":[{"id":32863,"href":"https:\/\/mjimport.com.br\/index.php?rest_route=\/wp\/v2\/product\/32858\/revisions\/32863"}],"wp:featuredmedia":[{"embeddable":true,"href":"https:\/\/mjimport.com.br\/index.php?rest_route=\/wp\/v2\/media\/32859"}],"wp:attachment":[{"href":"https:\/\/mjimport.com.br\/index.php?rest_route=%2Fwp%2Fv2%2Fmedia&parent=32858"}],"wp:term":[{"taxonomy":"product_brand","embeddable":true,"href":"https:\/\/mjimport.com.br\/index.php?rest_route=%2Fwp%2Fv2%2Fproduct_brand&post=32858"},{"taxonomy":"product_cat","embeddable":true,"href":"https:\/\/mjimport.com.br\/index.php?rest_route=%2Fwp%2Fv2%2Fproduct_cat&post=32858"},{"taxonomy":"product_tag","embeddable":true,"href":"https:\/\/mjimport.com.br\/index.php?rest_route=%2Fwp%2Fv2%2Fproduct_tag&post=32858"}],"curies":[{"name":"wp","href":"https:\/\/api.w.org\/{rel}","templated":true}]}}