{"id":33178,"date":"2026-04-20T18:01:00","date_gmt":"2026-04-20T18:01:00","guid":{"rendered":"https:\/\/mjimport.com.br\/?post_type=product&#038;p=33178"},"modified":"2026-04-20T18:01:01","modified_gmt":"2026-04-20T18:01:01","slug":"armazenamento-de-energia-wup-1026-portatil-peining","status":"publish","type":"product","link":"https:\/\/mjimport.com.br\/?product=armazenamento-de-energia-wup-1026-portatil-peining","title":{"rendered":"ARMAZENAMENTO DE ENERGIA WUP-1026 PORT\u00c1TIL PEINING"},"content":{"rendered":"","protected":false},"excerpt":{"rendered":"<p>ARMAZENAMENTO DE ENERGIA WUP-1026 PORT\u00c1TIL PEINING<br \/>\n\u2022Modelo: WUP-1026<br \/>\nPot\u00eancia e praticidade<br \/>\nSa\u00edda AC: 220V | 500W<br \/>\nEntrada DC: 24V \/ 6.5A<br \/>\nSa\u00edda DC: 12V \/ 3A (m\u00e1x)<br \/>\nV\u00e1rias op\u00e7\u00f5es de conex\u00e3o<br \/>\n2x USB-A (5V\/2.4A)<br \/>\n1x USB-A QC 3.0 (carga r\u00e1pida)<br \/>\n1x USB Tipo-C PD at\u00e9 100W<br \/>\nSa\u00edda AC para eletr\u00f4nicos<br \/>\nCarregamento vers\u00e1til<br \/>\nTomada (AC)<br \/>\nCarro<br \/>\nPainel solar (ideal pra uso externo)<br \/>\nRecursos extras<br \/>\nLuz LED integrada<br \/>\nIndicadores de bateria<br \/>\nDesign port\u00e1til com al\u00e7a resistente<\/p>\n","protected":false},"featured_media":33179,"template":"","meta":[],"product_brand":[99],"product_cat":[82],"product_tag":[103,100],"class_list":{"0":"post-33178","1":"product","2":"type-product","3":"status-publish","4":"has-post-thumbnail","6":"product_brand-peining","7":"product_cat-power-bank","8":"product_tag-peining","9":"product_tag-powerbank","11":"first","12":"instock","13":"sale","14":"virtual","15":"purchasable","16":"product-type-simple"},"_links":{"self":[{"href":"https:\/\/mjimport.com.br\/index.php?rest_route=\/wp\/v2\/product\/33178","targetHints":{"allow":["GET"]}}],"collection":[{"href":"https:\/\/mjimport.com.br\/index.php?rest_route=\/wp\/v2\/product"}],"about":[{"href":"https:\/\/mjimport.com.br\/index.php?rest_route=\/wp\/v2\/types\/product"}],"version-history":[{"count":2,"href":"https:\/\/mjimport.com.br\/index.php?rest_route=\/wp\/v2\/product\/33178\/revisions"}],"predecessor-version":[{"id":33182,"href":"https:\/\/mjimport.com.br\/index.php?rest_route=\/wp\/v2\/product\/33178\/revisions\/33182"}],"wp:featuredmedia":[{"embeddable":true,"href":"https:\/\/mjimport.com.br\/index.php?rest_route=\/wp\/v2\/media\/33179"}],"wp:attachment":[{"href":"https:\/\/mjimport.com.br\/index.php?rest_route=%2Fwp%2Fv2%2Fmedia&parent=33178"}],"wp:term":[{"taxonomy":"product_brand","embeddable":true,"href":"https:\/\/mjimport.com.br\/index.php?rest_route=%2Fwp%2Fv2%2Fproduct_brand&post=33178"},{"taxonomy":"product_cat","embeddable":true,"href":"https:\/\/mjimport.com.br\/index.php?rest_route=%2Fwp%2Fv2%2Fproduct_cat&post=33178"},{"taxonomy":"product_tag","embeddable":true,"href":"https:\/\/mjimport.com.br\/index.php?rest_route=%2Fwp%2Fv2%2Fproduct_tag&post=33178"}],"curies":[{"name":"wp","href":"https:\/\/api.w.org\/{rel}","templated":true}]}}