{"id":33254,"date":"2026-05-01T13:06:42","date_gmt":"2026-05-01T13:06:42","guid":{"rendered":"https:\/\/mjimport.com.br\/?post_type=product&#038;p=33254"},"modified":"2026-05-01T13:06:55","modified_gmt":"2026-05-01T13:06:55","slug":"fone-de-ouvido-pei-hs11-peining-unidade","status":"publish","type":"product","link":"https:\/\/mjimport.com.br\/?product=fone-de-ouvido-pei-hs11-peining-unidade","title":{"rendered":"FONE DE OUVIDO PEI-HS11 PEINING (UNIDADE)"},"content":{"rendered":"","protected":false},"excerpt":{"rendered":"<p>FONE DE OUVIDO PEI-HS11 PEINING (UNIDADE)<\/p>\n<p>MODELO: PEI-HS11<\/p>\n<p>BLUETOOTH 6.0 \/ SURROUND SOUND\u00a0 \/ DURA\u00c7\u00c3O DE AT\u00c9 32 HORAS (VOLUME EM 50%) \/ 5V \/ CARREGAMENTO TIPO C \/ AT\u00c9 10 METROS DE DISTANCIA (LIVRE DE OBSTACULOS) \/ ALMOFADAS CONFORTAVEIS \/ ANTI-RUIDO \/ CABO AUXILIAR \/ WIRELESS<\/p>\n","protected":false},"featured_media":33255,"template":"","meta":[],"product_brand":[99],"product_cat":[78],"product_tag":[103],"class_list":{"0":"post-33254","1":"product","2":"type-product","3":"status-publish","4":"has-post-thumbnail","6":"product_brand-peining","7":"product_cat-fones","8":"product_tag-peining","10":"first","11":"instock","12":"sale","13":"shipping-taxable","14":"purchasable","15":"product-type-variable"},"_links":{"self":[{"href":"https:\/\/mjimport.com.br\/index.php?rest_route=\/wp\/v2\/product\/33254","targetHints":{"allow":["GET"]}}],"collection":[{"href":"https:\/\/mjimport.com.br\/index.php?rest_route=\/wp\/v2\/product"}],"about":[{"href":"https:\/\/mjimport.com.br\/index.php?rest_route=\/wp\/v2\/types\/product"}],"version-history":[{"count":2,"href":"https:\/\/mjimport.com.br\/index.php?rest_route=\/wp\/v2\/product\/33254\/revisions"}],"predecessor-version":[{"id":33259,"href":"https:\/\/mjimport.com.br\/index.php?rest_route=\/wp\/v2\/product\/33254\/revisions\/33259"}],"wp:featuredmedia":[{"embeddable":true,"href":"https:\/\/mjimport.com.br\/index.php?rest_route=\/wp\/v2\/media\/33255"}],"wp:attachment":[{"href":"https:\/\/mjimport.com.br\/index.php?rest_route=%2Fwp%2Fv2%2Fmedia&parent=33254"}],"wp:term":[{"taxonomy":"product_brand","embeddable":true,"href":"https:\/\/mjimport.com.br\/index.php?rest_route=%2Fwp%2Fv2%2Fproduct_brand&post=33254"},{"taxonomy":"product_cat","embeddable":true,"href":"https:\/\/mjimport.com.br\/index.php?rest_route=%2Fwp%2Fv2%2Fproduct_cat&post=33254"},{"taxonomy":"product_tag","embeddable":true,"href":"https:\/\/mjimport.com.br\/index.php?rest_route=%2Fwp%2Fv2%2Fproduct_tag&post=33254"}],"curies":[{"name":"wp","href":"https:\/\/api.w.org\/{rel}","templated":true}]}}